{"id":1418,"date":"2024-07-06T17:15:32","date_gmt":"2024-07-06T23:15:32","guid":{"rendered":"https:\/\/franklinlandscpllc.com\/?page_id=1418"},"modified":"2024-07-09T19:04:32","modified_gmt":"2024-07-10T01:04:32","slug":"corte-y-mantenimiento-de-cesped","status":"publish","type":"page","link":"https:\/\/franklinlandscpllc.com\/en\/corte-y-mantenimiento-de-cesped\/","title":{"rendered":"Lawn mowing &amp; maintenance"},"content":{"rendered":"<div data-elementor-type=\"wp-page\" data-elementor-id=\"1418\" class=\"elementor elementor-1418\">\n\t\t\t\t<div class=\"elementor-element elementor-element-391cb212 e-flex e-con-boxed e-con e-parent\" data-id=\"391cb212\" data-element_type=\"container\" data-e-type=\"container\" data-settings=\"{&quot;background_background&quot;:&quot;classic&quot;}\">\n\t\t\t\t\t<div class=\"e-con-inner\">\n\t\t\t\t<div class=\"elementor-element elementor-element-79b60e3 elementor-widget elementor-widget-heading\" data-id=\"79b60e3\" data-element_type=\"widget\" data-e-type=\"widget\" data-widget_type=\"heading.default\">\n\t\t\t\t<div class=\"elementor-widget-container\">\n\t\t\t\t\t<h2 class=\"elementor-heading-title elementor-size-default\">Lawn mowing &amp; maintenance<\/h2>\t\t\t\t<\/div>\n\t\t\t\t<\/div>\n\t\t\t\t\t<\/div>\n\t\t\t\t<\/div>\n\t\t<div class=\"elementor-element elementor-element-223638ae e-flex e-con-boxed e-con e-parent\" data-id=\"223638ae\" data-element_type=\"container\" data-e-type=\"container\">\n\t\t\t\t\t<div class=\"e-con-inner\">\n\t\t<div class=\"elementor-element elementor-element-3fe58896 e-con-full e-flex e-con e-child\" data-id=\"3fe58896\" data-element_type=\"container\" data-e-type=\"container\">\n\t\t\t\t<div class=\"elementor-element elementor-element-53f54c39 elementor-widget elementor-widget-image\" data-id=\"53f54c39\" data-element_type=\"widget\" data-e-type=\"widget\" data-widget_type=\"image.default\">\n\t\t\t\t<div class=\"elementor-widget-container\">\n\t\t\t\t\t\t\t\t\t\t\t\t\t\t\t<img fetchpriority=\"high\" decoding=\"async\" width=\"768\" height=\"1024\" src=\"https:\/\/franklinlandscpllc.com\/wp-content\/uploads\/2024\/07\/Portada-fb-Franklin-1-768x1024.jpg\" class=\"attachment-large size-large wp-image-1666\" alt=\"\" srcset=\"https:\/\/franklinlandscpllc.com\/wp-content\/uploads\/2024\/07\/Portada-fb-Franklin-1-768x1024.jpg 768w, https:\/\/franklinlandscpllc.com\/wp-content\/uploads\/2024\/07\/Portada-fb-Franklin-1-225x300.jpg 225w, https:\/\/franklinlandscpllc.com\/wp-content\/uploads\/2024\/07\/Portada-fb-Franklin-1-1152x1536.jpg 1152w, https:\/\/franklinlandscpllc.com\/wp-content\/uploads\/2024\/07\/Portada-fb-Franklin-1.jpg 1200w\" sizes=\"(max-width: 768px) 100vw, 768px\" \/>\t\t\t\t\t\t\t\t\t\t\t\t\t\t\t<\/div>\n\t\t\t\t<\/div>\n\t\t\t\t<\/div>\n\t\t<div class=\"elementor-element elementor-element-121980b e-con-full e-flex e-con e-child\" data-id=\"121980b\" data-element_type=\"container\" data-e-type=\"container\">\n\t\t\t\t<div class=\"elementor-element elementor-element-13d28362 elementor-widget-tablet__width-inherit elementor-widget elementor-widget-heading\" data-id=\"13d28362\" data-element_type=\"widget\" data-e-type=\"widget\" data-widget_type=\"heading.default\">\n\t\t\t\t<div class=\"elementor-widget-container\">\n\t\t\t\t\t<h2 class=\"elementor-heading-title elementor-size-default\">Make your garden a true oasis!<\/h2>\t\t\t\t<\/div>\n\t\t\t\t<\/div>\n\t\t\t\t<div class=\"elementor-element elementor-element-1ec62ed1 elementor-widget elementor-widget-text-editor\" data-id=\"1ec62ed1\" data-element_type=\"widget\" data-e-type=\"widget\" data-widget_type=\"text-editor.default\">\n\t\t\t\t<div class=\"elementor-widget-container\">\n\t\t\t\t\t\t\t\t\t<p>At Franklin Landscaping LLC, we offer a complete lawn mowing and maintenance service to keep your yard in top condition year-round. Our team of professionals takes care of all the tasks necessary to keep your lawn green, healthy and attractive.<\/p><p>We use high-quality equipment and precise mowing techniques to promote uniform growth and prevent grass stress. Additionally, our services include proper irrigation, weed control, and fertilization, ensuring your lawn receives essential nutrients to thrive.<\/p><p>Whether you need regular maintenance or an occasional tune-up, we are here to meet your needs and exceed your expectations. Trust Franklin Landscaping LLC to keep your lawn in pristine condition and enjoy a pristine, well-maintained outdoor space. Make your garden a true oasis with our professional lawn cutting and maintenance service!<\/p>\t\t\t\t\t\t\t\t<\/div>\n\t\t\t\t<\/div>\n\t\t\t\t<div class=\"elementor-element elementor-element-77aa9e66 elementor-mobile-align-center elementor-tablet-align-center elementor-widget elementor-widget-button\" data-id=\"77aa9e66\" data-element_type=\"widget\" data-e-type=\"widget\" data-widget_type=\"button.default\">\n\t\t\t\t<div class=\"elementor-widget-container\">\n\t\t\t\t\t\t\t\t\t<div class=\"elementor-button-wrapper\">\n\t\t\t\t\t<a class=\"elementor-button elementor-button-link elementor-size-md\" href=\"https:\/\/franklinlandscpllc.com\/en\/contact\/\">\n\t\t\t\t\t\t<span class=\"elementor-button-content-wrapper\">\n\t\t\t\t\t\t\t\t\t<span class=\"elementor-button-text\">Get started!<\/span>\n\t\t\t\t\t<\/span>\n\t\t\t\t\t<\/a>\n\t\t\t\t<\/div>\n\t\t\t\t\t\t\t\t<\/div>\n\t\t\t\t<\/div>\n\t\t\t\t<\/div>\n\t\t\t\t\t<\/div>\n\t\t\t\t<\/div>\n\t\t<div class=\"elementor-element elementor-element-64b2b432 e-flex e-con-boxed e-con e-parent\" data-id=\"64b2b432\" data-element_type=\"container\" data-e-type=\"container\">\n\t\t\t\t\t<div class=\"e-con-inner\">\n\t\t\t\t<div class=\"elementor-element elementor-element-3c40e0cd elementor-widget elementor-widget-text-editor\" data-id=\"3c40e0cd\" data-element_type=\"widget\" data-e-type=\"widget\" data-widget_type=\"text-editor.default\">\n\t\t\t\t<div class=\"elementor-widget-container\">\n\t\t\t\t\t\t\t\t\t<p>Photo gallery<\/p>\t\t\t\t\t\t\t\t<\/div>\n\t\t\t\t<\/div>\n\t\t\t\t<div class=\"elementor-element elementor-element-5d4c2ec3 elementor-widget elementor-widget-heading\" data-id=\"5d4c2ec3\" data-element_type=\"widget\" data-e-type=\"widget\" data-widget_type=\"heading.default\">\n\t\t\t\t<div class=\"elementor-widget-container\">\n\t\t\t\t\t<h2 class=\"elementor-heading-title elementor-size-default\">Our latest projects<\/h2>\t\t\t\t<\/div>\n\t\t\t\t<\/div>\n\t\t\t\t\t<\/div>\n\t\t\t\t<\/div>\n\t\t<div class=\"elementor-element elementor-element-779cea74 e-flex e-con-boxed e-con e-parent\" data-id=\"779cea74\" data-element_type=\"container\" data-e-type=\"container\">\n\t\t\t\t\t<div class=\"e-con-inner\">\n\t\t\t\t<div class=\"elementor-element elementor-element-bd1667a gallery-spacing-custom elementor-widget elementor-widget-image-gallery\" data-id=\"bd1667a\" data-element_type=\"widget\" data-e-type=\"widget\" data-widget_type=\"image-gallery.default\">\n\t\t\t\t<div class=\"elementor-widget-container\">\n\t\t\t\t\t\t\t<div class=\"elementor-image-gallery\">\n\t\t\t<div id='gallery-1' class='gallery galleryid-1418 gallery-columns-3 gallery-size-medium_large'><figure class='gallery-item'>\n\t\t\t<div class='gallery-icon portrait'>\n\t\t\t\t<a data-elementor-open-lightbox=\"yes\" data-elementor-lightbox-slideshow=\"bd1667a\" data-elementor-lightbox-title=\"Corte de grama 5 recortada-Comprimida\" data-e-action-hash=\"#elementor-action%3Aaction%3Dlightbox%26settings%3DeyJpZCI6MTUzMSwidXJsIjoiaHR0cHM6XC9cL2ZyYW5rbGlubGFuZHNjcGxsYy5jb21cL3dwLWNvbnRlbnRcL3VwbG9hZHNcLzIwMjRcLzA3XC9Db3J0ZS1kZS1ncmFtYS01LXJlY29ydGFkYS1Db21wcmltaWRhLmpwZyIsInNsaWRlc2hvdyI6ImJkMTY2N2EifQ%3D%3D\" href='https:\/\/franklinlandscpllc.com\/wp-content\/uploads\/2024\/07\/Corte-de-grama-5-recortada-Comprimida.jpg'><img decoding=\"async\" width=\"615\" height=\"750\" src=\"https:\/\/franklinlandscpllc.com\/wp-content\/uploads\/2024\/07\/Corte-de-grama-5-recortada-Comprimida.jpg\" class=\"attachment-medium_large size-medium_large\" alt=\"\" srcset=\"https:\/\/franklinlandscpllc.com\/wp-content\/uploads\/2024\/07\/Corte-de-grama-5-recortada-Comprimida.jpg 615w, https:\/\/franklinlandscpllc.com\/wp-content\/uploads\/2024\/07\/Corte-de-grama-5-recortada-Comprimida-246x300.jpg 246w\" sizes=\"(max-width: 615px) 100vw, 615px\" \/><\/a>\n\t\t\t<\/div><\/figure><figure class='gallery-item'>\n\t\t\t<div class='gallery-icon portrait'>\n\t\t\t\t<a data-elementor-open-lightbox=\"yes\" data-elementor-lightbox-slideshow=\"bd1667a\" data-elementor-lightbox-title=\"Corte de grama 2 recortada-Comprimida\" data-e-action-hash=\"#elementor-action%3Aaction%3Dlightbox%26settings%3DeyJpZCI6MTUyOSwidXJsIjoiaHR0cHM6XC9cL2ZyYW5rbGlubGFuZHNjcGxsYy5jb21cL3dwLWNvbnRlbnRcL3VwbG9hZHNcLzIwMjRcLzA3XC9Db3J0ZS1kZS1ncmFtYS0yLXJlY29ydGFkYS1Db21wcmltaWRhLmpwZyIsInNsaWRlc2hvdyI6ImJkMTY2N2EifQ%3D%3D\" href='https:\/\/franklinlandscpllc.com\/wp-content\/uploads\/2024\/07\/Corte-de-grama-2-recortada-Comprimida.jpg'><img decoding=\"async\" width=\"615\" height=\"750\" src=\"https:\/\/franklinlandscpllc.com\/wp-content\/uploads\/2024\/07\/Corte-de-grama-2-recortada-Comprimida.jpg\" class=\"attachment-medium_large size-medium_large\" alt=\"\" srcset=\"https:\/\/franklinlandscpllc.com\/wp-content\/uploads\/2024\/07\/Corte-de-grama-2-recortada-Comprimida.jpg 615w, https:\/\/franklinlandscpllc.com\/wp-content\/uploads\/2024\/07\/Corte-de-grama-2-recortada-Comprimida-246x300.jpg 246w\" sizes=\"(max-width: 615px) 100vw, 615px\" \/><\/a>\n\t\t\t<\/div><\/figure><figure class='gallery-item'>\n\t\t\t<div class='gallery-icon portrait'>\n\t\t\t\t<a data-elementor-open-lightbox=\"yes\" data-elementor-lightbox-slideshow=\"bd1667a\" data-elementor-lightbox-title=\"Corte de grama 1 recortada-Comprimida\" data-e-action-hash=\"#elementor-action%3Aaction%3Dlightbox%26settings%3DeyJpZCI6MTUzMCwidXJsIjoiaHR0cHM6XC9cL2ZyYW5rbGlubGFuZHNjcGxsYy5jb21cL3dwLWNvbnRlbnRcL3VwbG9hZHNcLzIwMjRcLzA3XC9Db3J0ZS1kZS1ncmFtYS0xLXJlY29ydGFkYS1Db21wcmltaWRhLmpwZyIsInNsaWRlc2hvdyI6ImJkMTY2N2EifQ%3D%3D\" href='https:\/\/franklinlandscpllc.com\/wp-content\/uploads\/2024\/07\/Corte-de-grama-1-recortada-Comprimida.jpg'><img loading=\"lazy\" decoding=\"async\" width=\"615\" height=\"750\" src=\"https:\/\/franklinlandscpllc.com\/wp-content\/uploads\/2024\/07\/Corte-de-grama-1-recortada-Comprimida.jpg\" class=\"attachment-medium_large size-medium_large\" alt=\"\" srcset=\"https:\/\/franklinlandscpllc.com\/wp-content\/uploads\/2024\/07\/Corte-de-grama-1-recortada-Comprimida.jpg 615w, https:\/\/franklinlandscpllc.com\/wp-content\/uploads\/2024\/07\/Corte-de-grama-1-recortada-Comprimida-246x300.jpg 246w\" sizes=\"(max-width: 615px) 100vw, 615px\" \/><\/a>\n\t\t\t<\/div><\/figure>\n\t\t<\/div>\n\t\t<\/div>\n\t\t\t\t\t\t<\/div>\n\t\t\t\t<\/div>\n\t\t\t\t\t<\/div>\n\t\t\t\t<\/div>\n\t\t<div class=\"elementor-element elementor-element-3d28017c e-flex e-con-boxed e-con e-parent\" data-id=\"3d28017c\" data-element_type=\"container\" data-e-type=\"container\" data-settings=\"{&quot;background_background&quot;:&quot;classic&quot;}\">\n\t\t\t\t\t<div class=\"e-con-inner\">\n\t\t\t\t<div class=\"elementor-element elementor-element-1fe84c4c elementor-widget__width-initial elementor-widget-tablet__width-inherit elementor-view-default elementor-widget elementor-widget-icon\" data-id=\"1fe84c4c\" data-element_type=\"widget\" data-e-type=\"widget\" data-widget_type=\"icon.default\">\n\t\t\t\t<div class=\"elementor-widget-container\">\n\t\t\t\t\t\t\t<div class=\"elementor-icon-wrapper\">\n\t\t\t<div class=\"elementor-icon\">\n\t\t\t<svg xmlns=\"http:\/\/www.w3.org\/2000\/svg\" width=\"128\" height=\"128\" viewbox=\"0 0 128 128\"><title>PLANT<\/title><path d=\"M110.622,108.342c-4.486-11.057-22.8-18.861-44.872-19.255V78.879l11.588-7.415A22.817,22.817,0,0,0,81.444,72.8a23.288,23.288,0,0,0,4.991.545A22.979,22.979,0,0,0,109.42,49.953a1.75,1.75,0,0,0-.994-1.554,22.985,22.985,0,0,0-32.47,15.827,22.82,22.82,0,0,0-.5,4.289l-9.7,6.208V56.13a22.779,22.779,0,0,0,3.341-2.737,22.986,22.986,0,0,0-4.169-35.88,1.746,1.746,0,0,0-1.844,0,22.986,22.986,0,0,0-4.169,35.88A22.779,22.779,0,0,0,62.25,56.13V74.723l-9.7-6.208A22.938,22.938,0,0,0,24.585,46.656,23.168,23.168,0,0,0,19.574,48.4a1.75,1.75,0,0,0-.994,1.554A23,23,0,0,0,46.556,72.8a22.817,22.817,0,0,0,4.106-1.339L62.25,78.879V89.087c-22.069.394-40.386,8.2-44.872,19.255A1.75,1.75,0,0,0,19,110.75h90a1.75,1.75,0,0,0,1.622-2.408ZM79.375,64.977a19.572,19.572,0,0,1,23.289-14.9,19.116,19.116,0,0,1,3.244,1.03,19.118,19.118,0,0,1-.424,3.377A19.549,19.549,0,0,1,82.2,69.384c-.376-.082-.754-.2-1.132-.3l17.6-11.263a1.75,1.75,0,0,0-1.887-2.948l-17.6,11.263C79.236,65.743,79.292,65.353,79.375,64.977Zm-33.57,4.407a19.549,19.549,0,0,1-23.289-14.9,19.118,19.118,0,0,1-.424-3.377,19.116,19.116,0,0,1,3.244-1.03,19.571,19.571,0,0,1,23.289,14.9c.083.376.139.766.2,1.155l-17.6-11.263a1.75,1.75,0,0,0-1.887,2.948l17.6,11.263C46.559,69.189,46.181,69.3,45.805,69.384ZM61.383,50.918a19.573,19.573,0,0,1,0-27.648A19.182,19.182,0,0,1,64,21.093a19.182,19.182,0,0,1,2.617,2.177,19.573,19.573,0,0,1,0,27.648c-.273.273-.572.531-.867.79V30.863a1.75,1.75,0,0,0-3.5,0V51.708C61.955,51.449,61.656,51.191,61.383,50.918ZM21.91,107.25C27.688,98.611,44.635,92.568,64,92.568s36.312,6.043,42.09,14.682Z\"><\/path><\/svg>\t\t\t<\/div>\n\t\t<\/div>\n\t\t\t\t\t\t<\/div>\n\t\t\t\t<\/div>\n\t\t<div class=\"elementor-element elementor-element-1ec840b8 e-con-full e-flex e-con e-child\" data-id=\"1ec840b8\" data-element_type=\"container\" data-e-type=\"container\">\n\t\t\t\t<div class=\"elementor-element elementor-element-3ac750f0 elementor-widget elementor-widget-heading\" data-id=\"3ac750f0\" data-element_type=\"widget\" data-e-type=\"widget\" data-widget_type=\"heading.default\">\n\t\t\t\t<div class=\"elementor-widget-container\">\n\t\t\t\t\t<h2 class=\"elementor-heading-title elementor-size-default\">Are you looking for a professional landscaper?<\/h2>\t\t\t\t<\/div>\n\t\t\t\t<\/div>\n\t\t\t\t<div class=\"elementor-element elementor-element-5d9ec95c elementor-widget elementor-widget-text-editor\" data-id=\"5d9ec95c\" data-element_type=\"widget\" data-e-type=\"widget\" data-widget_type=\"text-editor.default\">\n\t\t\t\t<div class=\"elementor-widget-container\">\n\t\t\t\t\t\t\t\t\t<p>Call us now: (863) 221-3292<\/p>\t\t\t\t\t\t\t\t<\/div>\n\t\t\t\t<\/div>\n\t\t\t\t<\/div>\n\t\t\t\t<div class=\"elementor-element elementor-element-111e09 elementor-mobile-align-center elementor-align-right elementor-widget__width-initial elementor-tablet-align-center elementor-widget-tablet__width-inherit elementor-widget elementor-widget-button\" data-id=\"111e09\" data-element_type=\"widget\" data-e-type=\"widget\" data-widget_type=\"button.default\">\n\t\t\t\t<div class=\"elementor-widget-container\">\n\t\t\t\t\t\t\t\t\t<div class=\"elementor-button-wrapper\">\n\t\t\t\t\t<a class=\"elementor-button elementor-button-link elementor-size-md\" href=\"https:\/\/franklinlandscpllc.com\/en\/contact\/\">\n\t\t\t\t\t\t<span class=\"elementor-button-content-wrapper\">\n\t\t\t\t\t\t\t\t\t<span class=\"elementor-button-text\">Contact us<\/span>\n\t\t\t\t\t<\/span>\n\t\t\t\t\t<\/a>\n\t\t\t\t<\/div>\n\t\t\t\t\t\t\t\t<\/div>\n\t\t\t\t<\/div>\n\t\t\t\t\t<\/div>\n\t\t\t\t<\/div>\n\t\t\t\t<\/div>","protected":false},"excerpt":{"rendered":"<p>Corte y mantenimiento de c\u00e9sped \u00a1Haga de su jard\u00edn un verdadero oasis! En Franklin Landscaping LLC, ofrecemos un servicio completo de corte y mantenimiento de c\u00e9sped para mantener su jard\u00edn en \u00f3ptimas condiciones durante todo el a\u00f1o. Nuestro equipo de profesionales se encarga de todas las tareas necesarias para asegurar que su c\u00e9sped se mantenga [&hellip;]<\/p>\n","protected":false},"author":1,"featured_media":0,"parent":0,"menu_order":0,"comment_status":"closed","ping_status":"closed","template":"","meta":{"_joinchat":[],"footnotes":""},"class_list":["post-1418","page","type-page","status-publish","hentry"],"blocksy_meta":[],"_links":{"self":[{"href":"https:\/\/franklinlandscpllc.com\/en\/wp-json\/wp\/v2\/pages\/1418","targetHints":{"allow":["GET"]}}],"collection":[{"href":"https:\/\/franklinlandscpllc.com\/en\/wp-json\/wp\/v2\/pages"}],"about":[{"href":"https:\/\/franklinlandscpllc.com\/en\/wp-json\/wp\/v2\/types\/page"}],"author":[{"embeddable":true,"href":"https:\/\/franklinlandscpllc.com\/en\/wp-json\/wp\/v2\/users\/1"}],"replies":[{"embeddable":true,"href":"https:\/\/franklinlandscpllc.com\/en\/wp-json\/wp\/v2\/comments?post=1418"}],"version-history":[{"count":19,"href":"https:\/\/franklinlandscpllc.com\/en\/wp-json\/wp\/v2\/pages\/1418\/revisions"}],"predecessor-version":[{"id":1669,"href":"https:\/\/franklinlandscpllc.com\/en\/wp-json\/wp\/v2\/pages\/1418\/revisions\/1669"}],"wp:attachment":[{"href":"https:\/\/franklinlandscpllc.com\/en\/wp-json\/wp\/v2\/media?parent=1418"}],"curies":[{"name":"wp","href":"https:\/\/api.w.org\/{rel}","templated":true}]}}