{"id":1419,"date":"2024-07-06T17:15:32","date_gmt":"2024-07-06T23:15:32","guid":{"rendered":"https:\/\/franklinlandscpllc.com\/?page_id=1419"},"modified":"2024-07-09T19:12:25","modified_gmt":"2024-07-10T01:12:25","slug":"instalacion-de-cesped","status":"publish","type":"page","link":"https:\/\/franklinlandscpllc.com\/en\/instalacion-de-cesped\/","title":{"rendered":"Sod installation"},"content":{"rendered":"<div data-elementor-type=\"wp-page\" data-elementor-id=\"1419\" class=\"elementor elementor-1419\">\n\t\t\t\t<div class=\"elementor-element elementor-element-665eafda e-flex e-con-boxed e-con e-parent\" data-id=\"665eafda\" data-element_type=\"container\" data-e-type=\"container\" data-settings=\"{&quot;background_background&quot;:&quot;classic&quot;}\">\n\t\t\t\t\t<div class=\"e-con-inner\">\n\t\t\t\t<div class=\"elementor-element elementor-element-159ec037 elementor-widget elementor-widget-heading\" data-id=\"159ec037\" data-element_type=\"widget\" data-e-type=\"widget\" data-widget_type=\"heading.default\">\n\t\t\t\t<div class=\"elementor-widget-container\">\n\t\t\t\t\t<h2 class=\"elementor-heading-title elementor-size-default\">Sod installation<\/h2>\t\t\t\t<\/div>\n\t\t\t\t<\/div>\n\t\t\t\t\t<\/div>\n\t\t\t\t<\/div>\n\t\t<div class=\"elementor-element elementor-element-433ff9d4 e-flex e-con-boxed e-con e-parent\" data-id=\"433ff9d4\" data-element_type=\"container\" data-e-type=\"container\">\n\t\t\t\t\t<div class=\"e-con-inner\">\n\t\t<div class=\"elementor-element elementor-element-954f1ff e-con-full e-flex e-con e-child\" data-id=\"954f1ff\" data-element_type=\"container\" data-e-type=\"container\">\n\t\t\t\t<div class=\"elementor-element elementor-element-715e88d9 elementor-widget elementor-widget-image\" data-id=\"715e88d9\" data-element_type=\"widget\" data-e-type=\"widget\" data-widget_type=\"image.default\">\n\t\t\t\t<div class=\"elementor-widget-container\">\n\t\t\t\t\t\t\t\t\t\t\t\t\t\t\t<img fetchpriority=\"high\" decoding=\"async\" width=\"768\" height=\"1024\" src=\"https:\/\/franklinlandscpllc.com\/wp-content\/uploads\/2024\/07\/Servicios-principal-Comprimida-768x1024.jpg\" class=\"attachment-large size-large wp-image-1670\" alt=\"\" srcset=\"https:\/\/franklinlandscpllc.com\/wp-content\/uploads\/2024\/07\/Servicios-principal-Comprimida-768x1024.jpg 768w, https:\/\/franklinlandscpllc.com\/wp-content\/uploads\/2024\/07\/Servicios-principal-Comprimida-225x300.jpg 225w, https:\/\/franklinlandscpllc.com\/wp-content\/uploads\/2024\/07\/Servicios-principal-Comprimida-1152x1536.jpg 1152w, https:\/\/franklinlandscpllc.com\/wp-content\/uploads\/2024\/07\/Servicios-principal-Comprimida.jpg 1200w\" sizes=\"(max-width: 768px) 100vw, 768px\" \/>\t\t\t\t\t\t\t\t\t\t\t\t\t\t\t<\/div>\n\t\t\t\t<\/div>\n\t\t\t\t<\/div>\n\t\t<div class=\"elementor-element elementor-element-2ceab265 e-con-full e-flex e-con e-child\" data-id=\"2ceab265\" data-element_type=\"container\" data-e-type=\"container\">\n\t\t\t\t<div class=\"elementor-element elementor-element-55a9c9e2 elementor-widget-tablet__width-inherit elementor-widget elementor-widget-heading\" data-id=\"55a9c9e2\" data-element_type=\"widget\" data-e-type=\"widget\" data-widget_type=\"heading.default\">\n\t\t\t\t<div class=\"elementor-widget-container\">\n\t\t\t\t\t<h2 class=\"elementor-heading-title elementor-size-default\">Sod installation with high quality standards.<\/h2>\t\t\t\t<\/div>\n\t\t\t\t<\/div>\n\t\t\t\t<div class=\"elementor-element elementor-element-3123816c elementor-widget elementor-widget-text-editor\" data-id=\"3123816c\" data-element_type=\"widget\" data-e-type=\"widget\" data-widget_type=\"text-editor.default\">\n\t\t\t\t<div class=\"elementor-widget-container\">\n\t\t\t\t\t\t\t\t\t<p>At Franklin Landscaping LLC, we offer a high-quality turf installation service to transform your outdoor space into a beautiful, vibrant garden. Our team of experts takes care of the entire process, from soil preparation to installation and initial lawn care, ensuring healthy and uniform growth.<\/p><p>We use advanced techniques and premium materials to ensure that your new lawn not only looks spectacular, but is also durable and easy to maintain. Whether you are looking to renovate your current garden or install sod in a new area, we are here to help you achieve an exceptional result.<\/p><p>Trust Franklin Landscaping LLC to create a lush, green lawn that will enhance the aesthetics and value of your property. Bring your vision of a perfect yard to life with our professional lawn installation service!<\/p>\t\t\t\t\t\t\t\t<\/div>\n\t\t\t\t<\/div>\n\t\t\t\t<div class=\"elementor-element elementor-element-6b6c4f41 elementor-mobile-align-center elementor-tablet-align-center elementor-widget elementor-widget-button\" data-id=\"6b6c4f41\" data-element_type=\"widget\" data-e-type=\"widget\" data-widget_type=\"button.default\">\n\t\t\t\t<div class=\"elementor-widget-container\">\n\t\t\t\t\t\t\t\t\t<div class=\"elementor-button-wrapper\">\n\t\t\t\t\t<a class=\"elementor-button elementor-button-link elementor-size-md\" href=\"https:\/\/franklinlandscpllc.com\/en\/contact\/\">\n\t\t\t\t\t\t<span class=\"elementor-button-content-wrapper\">\n\t\t\t\t\t\t\t\t\t<span class=\"elementor-button-text\">Get started!<\/span>\n\t\t\t\t\t<\/span>\n\t\t\t\t\t<\/a>\n\t\t\t\t<\/div>\n\t\t\t\t\t\t\t\t<\/div>\n\t\t\t\t<\/div>\n\t\t\t\t<\/div>\n\t\t\t\t\t<\/div>\n\t\t\t\t<\/div>\n\t\t<div class=\"elementor-element elementor-element-705bdcec e-flex e-con-boxed e-con e-parent\" data-id=\"705bdcec\" data-element_type=\"container\" data-e-type=\"container\">\n\t\t\t\t\t<div class=\"e-con-inner\">\n\t\t\t\t<div class=\"elementor-element elementor-element-2729dfb1 elementor-widget elementor-widget-text-editor\" data-id=\"2729dfb1\" data-element_type=\"widget\" data-e-type=\"widget\" data-widget_type=\"text-editor.default\">\n\t\t\t\t<div class=\"elementor-widget-container\">\n\t\t\t\t\t\t\t\t\t<p>Photo gallery<\/p>\t\t\t\t\t\t\t\t<\/div>\n\t\t\t\t<\/div>\n\t\t\t\t<div class=\"elementor-element elementor-element-66f9dd68 elementor-widget elementor-widget-heading\" data-id=\"66f9dd68\" data-element_type=\"widget\" data-e-type=\"widget\" data-widget_type=\"heading.default\">\n\t\t\t\t<div class=\"elementor-widget-container\">\n\t\t\t\t\t<h2 class=\"elementor-heading-title elementor-size-default\">Our latest projects<\/h2>\t\t\t\t<\/div>\n\t\t\t\t<\/div>\n\t\t\t\t\t<\/div>\n\t\t\t\t<\/div>\n\t\t<div class=\"elementor-element elementor-element-5bf93af1 e-flex e-con-boxed e-con e-parent\" data-id=\"5bf93af1\" data-element_type=\"container\" data-e-type=\"container\">\n\t\t\t\t\t<div class=\"e-con-inner\">\n\t\t\t\t<div class=\"elementor-element elementor-element-8c187c3 gallery-spacing-custom elementor-widget elementor-widget-image-gallery\" data-id=\"8c187c3\" data-element_type=\"widget\" data-e-type=\"widget\" data-widget_type=\"image-gallery.default\">\n\t\t\t\t<div class=\"elementor-widget-container\">\n\t\t\t\t\t\t\t<div class=\"elementor-image-gallery\">\n\t\t\t<div id='gallery-1' class='gallery galleryid-1419 gallery-columns-2 gallery-size-medium_large'><figure class='gallery-item'>\n\t\t\t<div class='gallery-icon portrait'>\n\t\t\t\t<a data-elementor-open-lightbox=\"yes\" data-elementor-lightbox-slideshow=\"8c187c3\" data-elementor-lightbox-title=\"Instalacion de grama 4 recortada-Comprimida\" data-e-action-hash=\"#elementor-action%3Aaction%3Dlightbox%26settings%3DeyJpZCI6MTUyMSwidXJsIjoiaHR0cHM6XC9cL2ZyYW5rbGlubGFuZHNjcGxsYy5jb21cL3dwLWNvbnRlbnRcL3VwbG9hZHNcLzIwMjRcLzA3XC9JbnN0YWxhY2lvbi1kZS1ncmFtYS00LXJlY29ydGFkYS1Db21wcmltaWRhLmpwZyIsInNsaWRlc2hvdyI6IjhjMTg3YzMifQ%3D%3D\" href='https:\/\/franklinlandscpllc.com\/wp-content\/uploads\/2024\/07\/Instalacion-de-grama-4-recortada-Comprimida.jpg'><img decoding=\"async\" width=\"615\" height=\"750\" src=\"https:\/\/franklinlandscpllc.com\/wp-content\/uploads\/2024\/07\/Instalacion-de-grama-4-recortada-Comprimida.jpg\" class=\"attachment-medium_large size-medium_large\" alt=\"\" srcset=\"https:\/\/franklinlandscpllc.com\/wp-content\/uploads\/2024\/07\/Instalacion-de-grama-4-recortada-Comprimida.jpg 615w, https:\/\/franklinlandscpllc.com\/wp-content\/uploads\/2024\/07\/Instalacion-de-grama-4-recortada-Comprimida-246x300.jpg 246w\" sizes=\"(max-width: 615px) 100vw, 615px\" \/><\/a>\n\t\t\t<\/div><\/figure><figure class='gallery-item'>\n\t\t\t<div class='gallery-icon portrait'>\n\t\t\t\t<a data-elementor-open-lightbox=\"yes\" data-elementor-lightbox-slideshow=\"8c187c3\" data-elementor-lightbox-title=\"Instalacion de grama 3 recortada-Comprimida - copia\" data-e-action-hash=\"#elementor-action%3Aaction%3Dlightbox%26settings%3DeyJpZCI6MTUxNCwidXJsIjoiaHR0cHM6XC9cL2ZyYW5rbGlubGFuZHNjcGxsYy5jb21cL3dwLWNvbnRlbnRcL3VwbG9hZHNcLzIwMjRcLzA3XC9JbnN0YWxhY2lvbi1kZS1ncmFtYS0zLXJlY29ydGFkYS1Db21wcmltaWRhLWNvcGlhLmpwZyIsInNsaWRlc2hvdyI6IjhjMTg3YzMifQ%3D%3D\" href='https:\/\/franklinlandscpllc.com\/wp-content\/uploads\/2024\/07\/Instalacion-de-grama-3-recortada-Comprimida-copia.jpg'><img decoding=\"async\" width=\"615\" height=\"750\" src=\"https:\/\/franklinlandscpllc.com\/wp-content\/uploads\/2024\/07\/Instalacion-de-grama-3-recortada-Comprimida-copia.jpg\" class=\"attachment-medium_large size-medium_large\" alt=\"\" aria-describedby=\"gallery-1-1514\" srcset=\"https:\/\/franklinlandscpllc.com\/wp-content\/uploads\/2024\/07\/Instalacion-de-grama-3-recortada-Comprimida-copia.jpg 615w, https:\/\/franklinlandscpllc.com\/wp-content\/uploads\/2024\/07\/Instalacion-de-grama-3-recortada-Comprimida-copia-246x300.jpg 246w\" sizes=\"(max-width: 615px) 100vw, 615px\" \/><\/a>\n\t\t\t<\/div>\n\t\t\t\t<figcaption class='wp-caption-text gallery-caption' id='gallery-1-1514'>\n\t\t\t\tDespu\u00e9s\n\t\t\t\t<\/figcaption><\/figure><figure class='gallery-item'>\n\t\t\t<div class='gallery-icon portrait'>\n\t\t\t\t<a data-elementor-open-lightbox=\"yes\" data-elementor-lightbox-slideshow=\"8c187c3\" data-elementor-lightbox-title=\"Instalacion de grama 2 recortada-Comprimida - copia\" data-e-action-hash=\"#elementor-action%3Aaction%3Dlightbox%26settings%3DeyJpZCI6MTUxNSwidXJsIjoiaHR0cHM6XC9cL2ZyYW5rbGlubGFuZHNjcGxsYy5jb21cL3dwLWNvbnRlbnRcL3VwbG9hZHNcLzIwMjRcLzA3XC9JbnN0YWxhY2lvbi1kZS1ncmFtYS0yLXJlY29ydGFkYS1Db21wcmltaWRhLWNvcGlhLmpwZyIsInNsaWRlc2hvdyI6IjhjMTg3YzMifQ%3D%3D\" href='https:\/\/franklinlandscpllc.com\/wp-content\/uploads\/2024\/07\/Instalacion-de-grama-2-recortada-Comprimida-copia.jpg'><img loading=\"lazy\" decoding=\"async\" width=\"615\" height=\"750\" src=\"https:\/\/franklinlandscpllc.com\/wp-content\/uploads\/2024\/07\/Instalacion-de-grama-2-recortada-Comprimida-copia.jpg\" class=\"attachment-medium_large size-medium_large\" alt=\"\" aria-describedby=\"gallery-1-1515\" srcset=\"https:\/\/franklinlandscpllc.com\/wp-content\/uploads\/2024\/07\/Instalacion-de-grama-2-recortada-Comprimida-copia.jpg 615w, https:\/\/franklinlandscpllc.com\/wp-content\/uploads\/2024\/07\/Instalacion-de-grama-2-recortada-Comprimida-copia-246x300.jpg 246w\" sizes=\"(max-width: 615px) 100vw, 615px\" \/><\/a>\n\t\t\t<\/div>\n\t\t\t\t<figcaption class='wp-caption-text gallery-caption' id='gallery-1-1515'>\n\t\t\t\tDurante\n\t\t\t\t<\/figcaption><\/figure><figure class='gallery-item'>\n\t\t\t<div class='gallery-icon portrait'>\n\t\t\t\t<a data-elementor-open-lightbox=\"yes\" data-elementor-lightbox-slideshow=\"8c187c3\" data-elementor-lightbox-title=\"Instalacion de grama 1 recortada-Comprimida\" data-e-action-hash=\"#elementor-action%3Aaction%3Dlightbox%26settings%3DeyJpZCI6MTUxNiwidXJsIjoiaHR0cHM6XC9cL2ZyYW5rbGlubGFuZHNjcGxsYy5jb21cL3dwLWNvbnRlbnRcL3VwbG9hZHNcLzIwMjRcLzA3XC9JbnN0YWxhY2lvbi1kZS1ncmFtYS0xLXJlY29ydGFkYS1Db21wcmltaWRhLmpwZyIsInNsaWRlc2hvdyI6IjhjMTg3YzMifQ%3D%3D\" href='https:\/\/franklinlandscpllc.com\/wp-content\/uploads\/2024\/07\/Instalacion-de-grama-1-recortada-Comprimida.jpg'><img loading=\"lazy\" decoding=\"async\" width=\"615\" height=\"750\" src=\"https:\/\/franklinlandscpllc.com\/wp-content\/uploads\/2024\/07\/Instalacion-de-grama-1-recortada-Comprimida.jpg\" class=\"attachment-medium_large size-medium_large\" alt=\"\" aria-describedby=\"gallery-1-1516\" srcset=\"https:\/\/franklinlandscpllc.com\/wp-content\/uploads\/2024\/07\/Instalacion-de-grama-1-recortada-Comprimida.jpg 615w, https:\/\/franklinlandscpllc.com\/wp-content\/uploads\/2024\/07\/Instalacion-de-grama-1-recortada-Comprimida-246x300.jpg 246w\" sizes=\"(max-width: 615px) 100vw, 615px\" \/><\/a>\n\t\t\t<\/div>\n\t\t\t\t<figcaption class='wp-caption-text gallery-caption' id='gallery-1-1516'>\n\t\t\t\tAntes\n\t\t\t\t<\/figcaption><\/figure>\n\t\t<\/div>\n\t\t<\/div>\n\t\t\t\t\t\t<\/div>\n\t\t\t\t<\/div>\n\t\t\t\t\t<\/div>\n\t\t\t\t<\/div>\n\t\t<div class=\"elementor-element elementor-element-b3ba364 e-flex e-con-boxed e-con e-parent\" data-id=\"b3ba364\" data-element_type=\"container\" data-e-type=\"container\" data-settings=\"{&quot;background_background&quot;:&quot;classic&quot;}\">\n\t\t\t\t\t<div class=\"e-con-inner\">\n\t\t\t\t<div class=\"elementor-element elementor-element-355fb65 elementor-widget__width-initial elementor-widget-tablet__width-inherit elementor-view-default elementor-widget elementor-widget-icon\" data-id=\"355fb65\" data-element_type=\"widget\" data-e-type=\"widget\" data-widget_type=\"icon.default\">\n\t\t\t\t<div class=\"elementor-widget-container\">\n\t\t\t\t\t\t\t<div class=\"elementor-icon-wrapper\">\n\t\t\t<div class=\"elementor-icon\">\n\t\t\t<svg xmlns=\"http:\/\/www.w3.org\/2000\/svg\" width=\"128\" height=\"128\" viewbox=\"0 0 128 128\"><title>PLANT<\/title><path d=\"M110.622,108.342c-4.486-11.057-22.8-18.861-44.872-19.255V78.879l11.588-7.415A22.817,22.817,0,0,0,81.444,72.8a23.288,23.288,0,0,0,4.991.545A22.979,22.979,0,0,0,109.42,49.953a1.75,1.75,0,0,0-.994-1.554,22.985,22.985,0,0,0-32.47,15.827,22.82,22.82,0,0,0-.5,4.289l-9.7,6.208V56.13a22.779,22.779,0,0,0,3.341-2.737,22.986,22.986,0,0,0-4.169-35.88,1.746,1.746,0,0,0-1.844,0,22.986,22.986,0,0,0-4.169,35.88A22.779,22.779,0,0,0,62.25,56.13V74.723l-9.7-6.208A22.938,22.938,0,0,0,24.585,46.656,23.168,23.168,0,0,0,19.574,48.4a1.75,1.75,0,0,0-.994,1.554A23,23,0,0,0,46.556,72.8a22.817,22.817,0,0,0,4.106-1.339L62.25,78.879V89.087c-22.069.394-40.386,8.2-44.872,19.255A1.75,1.75,0,0,0,19,110.75h90a1.75,1.75,0,0,0,1.622-2.408ZM79.375,64.977a19.572,19.572,0,0,1,23.289-14.9,19.116,19.116,0,0,1,3.244,1.03,19.118,19.118,0,0,1-.424,3.377A19.549,19.549,0,0,1,82.2,69.384c-.376-.082-.754-.2-1.132-.3l17.6-11.263a1.75,1.75,0,0,0-1.887-2.948l-17.6,11.263C79.236,65.743,79.292,65.353,79.375,64.977Zm-33.57,4.407a19.549,19.549,0,0,1-23.289-14.9,19.118,19.118,0,0,1-.424-3.377,19.116,19.116,0,0,1,3.244-1.03,19.571,19.571,0,0,1,23.289,14.9c.083.376.139.766.2,1.155l-17.6-11.263a1.75,1.75,0,0,0-1.887,2.948l17.6,11.263C46.559,69.189,46.181,69.3,45.805,69.384ZM61.383,50.918a19.573,19.573,0,0,1,0-27.648A19.182,19.182,0,0,1,64,21.093a19.182,19.182,0,0,1,2.617,2.177,19.573,19.573,0,0,1,0,27.648c-.273.273-.572.531-.867.79V30.863a1.75,1.75,0,0,0-3.5,0V51.708C61.955,51.449,61.656,51.191,61.383,50.918ZM21.91,107.25C27.688,98.611,44.635,92.568,64,92.568s36.312,6.043,42.09,14.682Z\"><\/path><\/svg>\t\t\t<\/div>\n\t\t<\/div>\n\t\t\t\t\t\t<\/div>\n\t\t\t\t<\/div>\n\t\t<div class=\"elementor-element elementor-element-11eb7d8e e-con-full e-flex e-con e-child\" data-id=\"11eb7d8e\" data-element_type=\"container\" data-e-type=\"container\">\n\t\t\t\t<div class=\"elementor-element elementor-element-3073fc78 elementor-widget elementor-widget-heading\" data-id=\"3073fc78\" data-element_type=\"widget\" data-e-type=\"widget\" data-widget_type=\"heading.default\">\n\t\t\t\t<div class=\"elementor-widget-container\">\n\t\t\t\t\t<h2 class=\"elementor-heading-title elementor-size-default\">Are you looking for a professional landscaper?<\/h2>\t\t\t\t<\/div>\n\t\t\t\t<\/div>\n\t\t\t\t<div class=\"elementor-element elementor-element-1fa99e1e elementor-widget elementor-widget-text-editor\" data-id=\"1fa99e1e\" data-element_type=\"widget\" data-e-type=\"widget\" data-widget_type=\"text-editor.default\">\n\t\t\t\t<div class=\"elementor-widget-container\">\n\t\t\t\t\t\t\t\t\t<p>Call us now: (863) 221-3292<\/p>\t\t\t\t\t\t\t\t<\/div>\n\t\t\t\t<\/div>\n\t\t\t\t<\/div>\n\t\t\t\t<div class=\"elementor-element elementor-element-10a1e987 elementor-mobile-align-center elementor-align-right elementor-widget__width-initial elementor-tablet-align-center elementor-widget-tablet__width-inherit elementor-widget elementor-widget-button\" data-id=\"10a1e987\" data-element_type=\"widget\" data-e-type=\"widget\" data-widget_type=\"button.default\">\n\t\t\t\t<div class=\"elementor-widget-container\">\n\t\t\t\t\t\t\t\t\t<div class=\"elementor-button-wrapper\">\n\t\t\t\t\t<a class=\"elementor-button elementor-button-link elementor-size-md\" href=\"https:\/\/franklinlandscpllc.com\/en\/contact\/\">\n\t\t\t\t\t\t<span class=\"elementor-button-content-wrapper\">\n\t\t\t\t\t\t\t\t\t<span class=\"elementor-button-text\">Contact us<\/span>\n\t\t\t\t\t<\/span>\n\t\t\t\t\t<\/a>\n\t\t\t\t<\/div>\n\t\t\t\t\t\t\t\t<\/div>\n\t\t\t\t<\/div>\n\t\t\t\t\t<\/div>\n\t\t\t\t<\/div>\n\t\t\t\t<\/div>","protected":false},"excerpt":{"rendered":"<p>Instalaci\u00f3n de c\u00e9sped Instalaci\u00f3n de c\u00e9sped con altos est\u00e1ndares de calidad En Franklin Landscaping LLC, ofrecemos un servicio de instalaci\u00f3n de c\u00e9sped de alta calidad para transformar su espacio exterior en un hermoso y vibrante jard\u00edn. Nuestro equipo de expertos se encarga de todo el proceso, desde la preparaci\u00f3n del suelo hasta la instalaci\u00f3n y [&hellip;]<\/p>\n","protected":false},"author":1,"featured_media":0,"parent":0,"menu_order":0,"comment_status":"closed","ping_status":"closed","template":"","meta":{"_joinchat":[],"footnotes":""},"class_list":["post-1419","page","type-page","status-publish","hentry"],"blocksy_meta":[],"_links":{"self":[{"href":"https:\/\/franklinlandscpllc.com\/en\/wp-json\/wp\/v2\/pages\/1419","targetHints":{"allow":["GET"]}}],"collection":[{"href":"https:\/\/franklinlandscpllc.com\/en\/wp-json\/wp\/v2\/pages"}],"about":[{"href":"https:\/\/franklinlandscpllc.com\/en\/wp-json\/wp\/v2\/types\/page"}],"author":[{"embeddable":true,"href":"https:\/\/franklinlandscpllc.com\/en\/wp-json\/wp\/v2\/users\/1"}],"replies":[{"embeddable":true,"href":"https:\/\/franklinlandscpllc.com\/en\/wp-json\/wp\/v2\/comments?post=1419"}],"version-history":[{"count":22,"href":"https:\/\/franklinlandscpllc.com\/en\/wp-json\/wp\/v2\/pages\/1419\/revisions"}],"predecessor-version":[{"id":1673,"href":"https:\/\/franklinlandscpllc.com\/en\/wp-json\/wp\/v2\/pages\/1419\/revisions\/1673"}],"wp:attachment":[{"href":"https:\/\/franklinlandscpllc.com\/en\/wp-json\/wp\/v2\/media?parent=1419"}],"curies":[{"name":"wp","href":"https:\/\/api.w.org\/{rel}","templated":true}]}}