{"id":1422,"date":"2024-07-06T17:15:32","date_gmt":"2024-07-06T23:15:32","guid":{"rendered":"https:\/\/franklinlandscpllc.com\/?page_id=1422"},"modified":"2024-07-06T22:07:40","modified_gmt":"2024-07-07T04:07:40","slug":"servicio-de-fertilizacion","status":"publish","type":"page","link":"https:\/\/franklinlandscpllc.com\/en\/servicio-de-fertilizacion\/","title":{"rendered":"Fertilization service"},"content":{"rendered":"<div data-elementor-type=\"wp-page\" data-elementor-id=\"1422\" class=\"elementor elementor-1422\">\n\t\t\t\t<div class=\"elementor-element elementor-element-6c60e037 e-flex e-con-boxed e-con e-parent\" data-id=\"6c60e037\" data-element_type=\"container\" data-e-type=\"container\" data-settings=\"{&quot;background_background&quot;:&quot;classic&quot;}\">\n\t\t\t\t\t<div class=\"e-con-inner\">\n\t\t\t\t<div class=\"elementor-element elementor-element-56806abf elementor-widget elementor-widget-heading\" data-id=\"56806abf\" data-element_type=\"widget\" data-e-type=\"widget\" data-widget_type=\"heading.default\">\n\t\t\t\t<div class=\"elementor-widget-container\">\n\t\t\t\t\t<h2 class=\"elementor-heading-title elementor-size-default\">Fertilization service<\/h2>\t\t\t\t<\/div>\n\t\t\t\t<\/div>\n\t\t\t\t\t<\/div>\n\t\t\t\t<\/div>\n\t\t<div class=\"elementor-element elementor-element-356eded8 e-flex e-con-boxed e-con e-parent\" data-id=\"356eded8\" data-element_type=\"container\" data-e-type=\"container\">\n\t\t\t\t\t<div class=\"e-con-inner\">\n\t\t<div class=\"elementor-element elementor-element-e0636c4 e-con-full e-flex e-con e-child\" data-id=\"e0636c4\" data-element_type=\"container\" data-e-type=\"container\">\n\t\t\t\t<div class=\"elementor-element elementor-element-1bf80d26 elementor-widget elementor-widget-image\" data-id=\"1bf80d26\" data-element_type=\"widget\" data-e-type=\"widget\" data-widget_type=\"image.default\">\n\t\t\t\t<div class=\"elementor-widget-container\">\n\t\t\t\t\t\t\t\t\t\t\t\t\t\t\t<img fetchpriority=\"high\" decoding=\"async\" width=\"615\" height=\"750\" src=\"https:\/\/franklinlandscpllc.com\/wp-content\/uploads\/2024\/07\/Fertilizacion-4-Comprimida.jpg\" class=\"attachment-large size-large wp-image-1546\" alt=\"\" srcset=\"https:\/\/franklinlandscpllc.com\/wp-content\/uploads\/2024\/07\/Fertilizacion-4-Comprimida.jpg 615w, https:\/\/franklinlandscpllc.com\/wp-content\/uploads\/2024\/07\/Fertilizacion-4-Comprimida-246x300.jpg 246w\" sizes=\"(max-width: 615px) 100vw, 615px\" \/>\t\t\t\t\t\t\t\t\t\t\t\t\t\t\t<\/div>\n\t\t\t\t<\/div>\n\t\t\t\t<\/div>\n\t\t<div class=\"elementor-element elementor-element-3422de79 e-con-full e-flex e-con e-child\" data-id=\"3422de79\" data-element_type=\"container\" data-e-type=\"container\">\n\t\t\t\t<div class=\"elementor-element elementor-element-43cbceb9 elementor-widget-tablet__width-inherit elementor-widget elementor-widget-heading\" data-id=\"43cbceb9\" data-element_type=\"widget\" data-e-type=\"widget\" data-widget_type=\"heading.default\">\n\t\t\t\t<div class=\"elementor-widget-container\">\n\t\t\t\t\t<h2 class=\"elementor-heading-title elementor-size-default\">The care and nutrients that your garden needs<\/h2>\t\t\t\t<\/div>\n\t\t\t\t<\/div>\n\t\t\t\t<div class=\"elementor-element elementor-element-60d7532e elementor-widget elementor-widget-text-editor\" data-id=\"60d7532e\" data-element_type=\"widget\" data-e-type=\"widget\" data-widget_type=\"text-editor.default\">\n\t\t\t\t<div class=\"elementor-widget-container\">\n\t\t\t\t\t\t\t\t\t<p>At Franklin Landscaping LLC, we offer a high-quality fertilization service to promote healthy, vigorous growth of your lawn and plants. Our team of professionals uses premium quality fertilizers, specifically formulated to provide the essential nutrients your garden needs to thrive.<\/p><p>We perform a detailed soil analysis to determine the specific needs of your outdoor space and apply the appropriate type and amount of fertilizer. This personalized approach ensures that your lawn and plants receive the perfect balance of nutrients, improving their resistance to diseases, pests and adverse weather conditions.<\/p><p>Our fertilization service includes regular and scheduled applications throughout the year, adapted to the different stages of growth and seasonal conditions. With Franklin Landscaping LLC, you can be sure that your yard will stay green, lush, and healthy.<\/p>\t\t\t\t\t\t\t\t<\/div>\n\t\t\t\t<\/div>\n\t\t\t\t<div class=\"elementor-element elementor-element-631de8bf elementor-mobile-align-center elementor-tablet-align-center elementor-widget elementor-widget-button\" data-id=\"631de8bf\" data-element_type=\"widget\" data-e-type=\"widget\" data-widget_type=\"button.default\">\n\t\t\t\t<div class=\"elementor-widget-container\">\n\t\t\t\t\t\t\t\t\t<div class=\"elementor-button-wrapper\">\n\t\t\t\t\t<a class=\"elementor-button elementor-button-link elementor-size-md\" href=\"https:\/\/franklinlandscpllc.com\/en\/contact\/\">\n\t\t\t\t\t\t<span class=\"elementor-button-content-wrapper\">\n\t\t\t\t\t\t\t\t\t<span class=\"elementor-button-text\">Get started!<\/span>\n\t\t\t\t\t<\/span>\n\t\t\t\t\t<\/a>\n\t\t\t\t<\/div>\n\t\t\t\t\t\t\t\t<\/div>\n\t\t\t\t<\/div>\n\t\t\t\t<\/div>\n\t\t\t\t\t<\/div>\n\t\t\t\t<\/div>\n\t\t<div class=\"elementor-element elementor-element-57d34c9 e-flex e-con-boxed e-con e-parent\" data-id=\"57d34c9\" data-element_type=\"container\" data-e-type=\"container\">\n\t\t\t\t\t<div class=\"e-con-inner\">\n\t\t\t\t<div class=\"elementor-element elementor-element-4632d454 elementor-widget elementor-widget-text-editor\" data-id=\"4632d454\" data-element_type=\"widget\" data-e-type=\"widget\" data-widget_type=\"text-editor.default\">\n\t\t\t\t<div class=\"elementor-widget-container\">\n\t\t\t\t\t\t\t\t\t<p>Photo gallery<\/p>\t\t\t\t\t\t\t\t<\/div>\n\t\t\t\t<\/div>\n\t\t\t\t<div class=\"elementor-element elementor-element-2aa8f07 elementor-widget elementor-widget-heading\" data-id=\"2aa8f07\" data-element_type=\"widget\" data-e-type=\"widget\" data-widget_type=\"heading.default\">\n\t\t\t\t<div class=\"elementor-widget-container\">\n\t\t\t\t\t<h2 class=\"elementor-heading-title elementor-size-default\">Our latest projects<\/h2>\t\t\t\t<\/div>\n\t\t\t\t<\/div>\n\t\t\t\t\t<\/div>\n\t\t\t\t<\/div>\n\t\t<div class=\"elementor-element elementor-element-2ee21639 e-flex e-con-boxed e-con e-parent\" data-id=\"2ee21639\" data-element_type=\"container\" data-e-type=\"container\">\n\t\t\t\t\t<div class=\"e-con-inner\">\n\t\t\t\t<div class=\"elementor-element elementor-element-2cf31994 gallery-spacing-custom elementor-widget elementor-widget-image-gallery\" data-id=\"2cf31994\" data-element_type=\"widget\" data-e-type=\"widget\" data-widget_type=\"image-gallery.default\">\n\t\t\t\t<div class=\"elementor-widget-container\">\n\t\t\t\t\t\t\t<div class=\"elementor-image-gallery\">\n\t\t\t<div id='gallery-1' class='gallery galleryid-1422 gallery-columns-3 gallery-size-medium_large'><figure class='gallery-item'>\n\t\t\t<div class='gallery-icon portrait'>\n\t\t\t\t<a data-elementor-open-lightbox=\"yes\" data-elementor-lightbox-slideshow=\"2cf31994\" data-elementor-lightbox-title=\"Fertilizacion 3-Comprimida\" data-e-action-hash=\"#elementor-action%3Aaction%3Dlightbox%26settings%3DeyJpZCI6MTU0NywidXJsIjoiaHR0cHM6XC9cL2ZyYW5rbGlubGFuZHNjcGxsYy5jb21cL3dwLWNvbnRlbnRcL3VwbG9hZHNcLzIwMjRcLzA3XC9GZXJ0aWxpemFjaW9uLTMtQ29tcHJpbWlkYS5qcGciLCJzbGlkZXNob3ciOiIyY2YzMTk5NCJ9\" href='https:\/\/franklinlandscpllc.com\/wp-content\/uploads\/2024\/07\/Fertilizacion-3-Comprimida.jpg'><img decoding=\"async\" width=\"615\" height=\"750\" src=\"https:\/\/franklinlandscpllc.com\/wp-content\/uploads\/2024\/07\/Fertilizacion-3-Comprimida.jpg\" class=\"attachment-medium_large size-medium_large\" alt=\"\" srcset=\"https:\/\/franklinlandscpllc.com\/wp-content\/uploads\/2024\/07\/Fertilizacion-3-Comprimida.jpg 615w, https:\/\/franklinlandscpllc.com\/wp-content\/uploads\/2024\/07\/Fertilizacion-3-Comprimida-246x300.jpg 246w\" sizes=\"(max-width: 615px) 100vw, 615px\" \/><\/a>\n\t\t\t<\/div><\/figure><figure class='gallery-item'>\n\t\t\t<div class='gallery-icon portrait'>\n\t\t\t\t<a data-elementor-open-lightbox=\"yes\" data-elementor-lightbox-slideshow=\"2cf31994\" data-elementor-lightbox-title=\"Fertilizacion redise\u00f1ada 1-Comprimida\" data-e-action-hash=\"#elementor-action%3Aaction%3Dlightbox%26settings%3DeyJpZCI6MTU0OCwidXJsIjoiaHR0cHM6XC9cL2ZyYW5rbGlubGFuZHNjcGxsYy5jb21cL3dwLWNvbnRlbnRcL3VwbG9hZHNcLzIwMjRcLzA3XC9GZXJ0aWxpemFjaW9uLXJlZGlzZW5hZGEtMS1Db21wcmltaWRhLmpwZyIsInNsaWRlc2hvdyI6IjJjZjMxOTk0In0%3D\" href='https:\/\/franklinlandscpllc.com\/wp-content\/uploads\/2024\/07\/Fertilizacion-redisenada-1-Comprimida.jpg'><img decoding=\"async\" width=\"615\" height=\"750\" src=\"https:\/\/franklinlandscpllc.com\/wp-content\/uploads\/2024\/07\/Fertilizacion-redisenada-1-Comprimida.jpg\" class=\"attachment-medium_large size-medium_large\" alt=\"\" srcset=\"https:\/\/franklinlandscpllc.com\/wp-content\/uploads\/2024\/07\/Fertilizacion-redisenada-1-Comprimida.jpg 615w, https:\/\/franklinlandscpllc.com\/wp-content\/uploads\/2024\/07\/Fertilizacion-redisenada-1-Comprimida-246x300.jpg 246w\" sizes=\"(max-width: 615px) 100vw, 615px\" \/><\/a>\n\t\t\t<\/div><\/figure><figure class='gallery-item'>\n\t\t\t<div class='gallery-icon portrait'>\n\t\t\t\t<a data-elementor-open-lightbox=\"yes\" data-elementor-lightbox-slideshow=\"2cf31994\" data-elementor-lightbox-title=\"615X750 Formulario contacto- comprimida\" data-e-action-hash=\"#elementor-action%3Aaction%3Dlightbox%26settings%3DeyJpZCI6MTMzMSwidXJsIjoiaHR0cHM6XC9cL2ZyYW5rbGlubGFuZHNjcGxsYy5jb21cL3dwLWNvbnRlbnRcL3VwbG9hZHNcLzIwMjRcLzA3XC82MTVYNzUwLUZvcm11bGFyaW8tY29udGFjdG8tY29tcHJpbWlkYS5qcGciLCJzbGlkZXNob3ciOiIyY2YzMTk5NCJ9\" href='https:\/\/franklinlandscpllc.com\/wp-content\/uploads\/2024\/07\/615X750-Formulario-contacto-comprimida.jpg'><img loading=\"lazy\" decoding=\"async\" width=\"615\" height=\"750\" src=\"https:\/\/franklinlandscpllc.com\/wp-content\/uploads\/2024\/07\/615X750-Formulario-contacto-comprimida.jpg\" class=\"attachment-medium_large size-medium_large\" alt=\"\" srcset=\"https:\/\/franklinlandscpllc.com\/wp-content\/uploads\/2024\/07\/615X750-Formulario-contacto-comprimida.jpg 615w, https:\/\/franklinlandscpllc.com\/wp-content\/uploads\/2024\/07\/615X750-Formulario-contacto-comprimida-246x300.jpg 246w\" sizes=\"(max-width: 615px) 100vw, 615px\" \/><\/a>\n\t\t\t<\/div><\/figure>\n\t\t<\/div>\n\t\t<\/div>\n\t\t\t\t\t\t<\/div>\n\t\t\t\t<\/div>\n\t\t\t\t\t<\/div>\n\t\t\t\t<\/div>\n\t\t<div class=\"elementor-element elementor-element-644b07df e-flex e-con-boxed e-con e-parent\" data-id=\"644b07df\" data-element_type=\"container\" data-e-type=\"container\" data-settings=\"{&quot;background_background&quot;:&quot;classic&quot;}\">\n\t\t\t\t\t<div class=\"e-con-inner\">\n\t\t\t\t<div class=\"elementor-element elementor-element-59eca8d2 elementor-widget__width-initial elementor-widget-tablet__width-inherit elementor-view-default elementor-widget elementor-widget-icon\" data-id=\"59eca8d2\" data-element_type=\"widget\" data-e-type=\"widget\" data-widget_type=\"icon.default\">\n\t\t\t\t<div class=\"elementor-widget-container\">\n\t\t\t\t\t\t\t<div class=\"elementor-icon-wrapper\">\n\t\t\t<div class=\"elementor-icon\">\n\t\t\t<svg xmlns=\"http:\/\/www.w3.org\/2000\/svg\" width=\"128\" height=\"128\" viewbox=\"0 0 128 128\"><title>PLANT<\/title><path d=\"M110.622,108.342c-4.486-11.057-22.8-18.861-44.872-19.255V78.879l11.588-7.415A22.817,22.817,0,0,0,81.444,72.8a23.288,23.288,0,0,0,4.991.545A22.979,22.979,0,0,0,109.42,49.953a1.75,1.75,0,0,0-.994-1.554,22.985,22.985,0,0,0-32.47,15.827,22.82,22.82,0,0,0-.5,4.289l-9.7,6.208V56.13a22.779,22.779,0,0,0,3.341-2.737,22.986,22.986,0,0,0-4.169-35.88,1.746,1.746,0,0,0-1.844,0,22.986,22.986,0,0,0-4.169,35.88A22.779,22.779,0,0,0,62.25,56.13V74.723l-9.7-6.208A22.938,22.938,0,0,0,24.585,46.656,23.168,23.168,0,0,0,19.574,48.4a1.75,1.75,0,0,0-.994,1.554A23,23,0,0,0,46.556,72.8a22.817,22.817,0,0,0,4.106-1.339L62.25,78.879V89.087c-22.069.394-40.386,8.2-44.872,19.255A1.75,1.75,0,0,0,19,110.75h90a1.75,1.75,0,0,0,1.622-2.408ZM79.375,64.977a19.572,19.572,0,0,1,23.289-14.9,19.116,19.116,0,0,1,3.244,1.03,19.118,19.118,0,0,1-.424,3.377A19.549,19.549,0,0,1,82.2,69.384c-.376-.082-.754-.2-1.132-.3l17.6-11.263a1.75,1.75,0,0,0-1.887-2.948l-17.6,11.263C79.236,65.743,79.292,65.353,79.375,64.977Zm-33.57,4.407a19.549,19.549,0,0,1-23.289-14.9,19.118,19.118,0,0,1-.424-3.377,19.116,19.116,0,0,1,3.244-1.03,19.571,19.571,0,0,1,23.289,14.9c.083.376.139.766.2,1.155l-17.6-11.263a1.75,1.75,0,0,0-1.887,2.948l17.6,11.263C46.559,69.189,46.181,69.3,45.805,69.384ZM61.383,50.918a19.573,19.573,0,0,1,0-27.648A19.182,19.182,0,0,1,64,21.093a19.182,19.182,0,0,1,2.617,2.177,19.573,19.573,0,0,1,0,27.648c-.273.273-.572.531-.867.79V30.863a1.75,1.75,0,0,0-3.5,0V51.708C61.955,51.449,61.656,51.191,61.383,50.918ZM21.91,107.25C27.688,98.611,44.635,92.568,64,92.568s36.312,6.043,42.09,14.682Z\"><\/path><\/svg>\t\t\t<\/div>\n\t\t<\/div>\n\t\t\t\t\t\t<\/div>\n\t\t\t\t<\/div>\n\t\t<div class=\"elementor-element elementor-element-69507943 e-con-full e-flex e-con e-child\" data-id=\"69507943\" data-element_type=\"container\" data-e-type=\"container\">\n\t\t\t\t<div class=\"elementor-element elementor-element-7ead0eae elementor-widget elementor-widget-heading\" data-id=\"7ead0eae\" data-element_type=\"widget\" data-e-type=\"widget\" data-widget_type=\"heading.default\">\n\t\t\t\t<div class=\"elementor-widget-container\">\n\t\t\t\t\t<h2 class=\"elementor-heading-title elementor-size-default\">Are you looking for a professional landscaper?<\/h2>\t\t\t\t<\/div>\n\t\t\t\t<\/div>\n\t\t\t\t<div class=\"elementor-element elementor-element-22aff257 elementor-widget elementor-widget-text-editor\" data-id=\"22aff257\" data-element_type=\"widget\" data-e-type=\"widget\" data-widget_type=\"text-editor.default\">\n\t\t\t\t<div class=\"elementor-widget-container\">\n\t\t\t\t\t\t\t\t\t<p>Call us now: (863) 221-3292<\/p>\t\t\t\t\t\t\t\t<\/div>\n\t\t\t\t<\/div>\n\t\t\t\t<\/div>\n\t\t\t\t<div class=\"elementor-element elementor-element-3e504b86 elementor-mobile-align-center elementor-align-right elementor-widget__width-initial elementor-tablet-align-center elementor-widget-tablet__width-inherit elementor-widget elementor-widget-button\" data-id=\"3e504b86\" data-element_type=\"widget\" data-e-type=\"widget\" data-widget_type=\"button.default\">\n\t\t\t\t<div class=\"elementor-widget-container\">\n\t\t\t\t\t\t\t\t\t<div class=\"elementor-button-wrapper\">\n\t\t\t\t\t<a class=\"elementor-button elementor-button-link elementor-size-md\" href=\"https:\/\/franklinlandscpllc.com\/en\/contact\/\">\n\t\t\t\t\t\t<span class=\"elementor-button-content-wrapper\">\n\t\t\t\t\t\t\t\t\t<span class=\"elementor-button-text\">Contact us<\/span>\n\t\t\t\t\t<\/span>\n\t\t\t\t\t<\/a>\n\t\t\t\t<\/div>\n\t\t\t\t\t\t\t\t<\/div>\n\t\t\t\t<\/div>\n\t\t\t\t\t<\/div>\n\t\t\t\t<\/div>\n\t\t\t\t<\/div>","protected":false},"excerpt":{"rendered":"<p>Servicio de fertilizaci\u00f3n El cuidado y los nutrientes que su jard\u00edn necesita En Franklin Landscaping LLC, ofrecemos un servicio de fertilizaci\u00f3n de alta calidad para promover el crecimiento saludable y vigoroso de su c\u00e9sped y plantas. Nuestro equipo de profesionales utiliza fertilizantes de primera calidad, formulados espec\u00edficamente para proporcionar los nutrientes esenciales que su jard\u00edn [&hellip;]<\/p>\n","protected":false},"author":1,"featured_media":0,"parent":0,"menu_order":0,"comment_status":"closed","ping_status":"closed","template":"","meta":{"_joinchat":[],"footnotes":""},"class_list":["post-1422","page","type-page","status-publish","hentry"],"blocksy_meta":[],"_links":{"self":[{"href":"https:\/\/franklinlandscpllc.com\/en\/wp-json\/wp\/v2\/pages\/1422","targetHints":{"allow":["GET"]}}],"collection":[{"href":"https:\/\/franklinlandscpllc.com\/en\/wp-json\/wp\/v2\/pages"}],"about":[{"href":"https:\/\/franklinlandscpllc.com\/en\/wp-json\/wp\/v2\/types\/page"}],"author":[{"embeddable":true,"href":"https:\/\/franklinlandscpllc.com\/en\/wp-json\/wp\/v2\/users\/1"}],"replies":[{"embeddable":true,"href":"https:\/\/franklinlandscpllc.com\/en\/wp-json\/wp\/v2\/comments?post=1422"}],"version-history":[{"count":7,"href":"https:\/\/franklinlandscpllc.com\/en\/wp-json\/wp\/v2\/pages\/1422\/revisions"}],"predecessor-version":[{"id":1552,"href":"https:\/\/franklinlandscpllc.com\/en\/wp-json\/wp\/v2\/pages\/1422\/revisions\/1552"}],"wp:attachment":[{"href":"https:\/\/franklinlandscpllc.com\/en\/wp-json\/wp\/v2\/media?parent=1422"}],"curies":[{"name":"wp","href":"https:\/\/api.w.org\/{rel}","templated":true}]}}