{"id":1423,"date":"2024-07-06T17:15:32","date_gmt":"2024-07-06T23:15:32","guid":{"rendered":"https:\/\/franklinlandscpllc.com\/?page_id=1423"},"modified":"2024-07-09T19:37:31","modified_gmt":"2024-07-10T01:37:31","slug":"diseno-de-jardin-con-piedra-y-plantas","status":"publish","type":"page","link":"https:\/\/franklinlandscpllc.com\/en\/diseno-de-jardin-con-piedra-y-plantas\/","title":{"rendered":"Garden design with stone and plants"},"content":{"rendered":"<div data-elementor-type=\"wp-page\" data-elementor-id=\"1423\" class=\"elementor elementor-1423\">\n\t\t\t\t<div class=\"elementor-element elementor-element-429165cd e-flex e-con-boxed e-con e-parent\" data-id=\"429165cd\" data-element_type=\"container\" data-e-type=\"container\" data-settings=\"{&quot;background_background&quot;:&quot;classic&quot;}\">\n\t\t\t\t\t<div class=\"e-con-inner\">\n\t\t\t\t<div class=\"elementor-element elementor-element-6e72adaa elementor-widget elementor-widget-heading\" data-id=\"6e72adaa\" data-element_type=\"widget\" data-e-type=\"widget\" data-widget_type=\"heading.default\">\n\t\t\t\t<div class=\"elementor-widget-container\">\n\t\t\t\t\t<h2 class=\"elementor-heading-title elementor-size-default\">Garden design with stone and plant<\/h2>\t\t\t\t<\/div>\n\t\t\t\t<\/div>\n\t\t\t\t\t<\/div>\n\t\t\t\t<\/div>\n\t\t<div class=\"elementor-element elementor-element-49eaa051 e-flex e-con-boxed e-con e-parent\" data-id=\"49eaa051\" data-element_type=\"container\" data-e-type=\"container\">\n\t\t\t\t\t<div class=\"e-con-inner\">\n\t\t<div class=\"elementor-element elementor-element-115a1ace e-con-full e-flex e-con e-child\" data-id=\"115a1ace\" data-element_type=\"container\" data-e-type=\"container\">\n\t\t\t\t<div class=\"elementor-element elementor-element-3cf5cab8 elementor-widget elementor-widget-image\" data-id=\"3cf5cab8\" data-element_type=\"widget\" data-e-type=\"widget\" data-widget_type=\"image.default\">\n\t\t\t\t<div class=\"elementor-widget-container\">\n\t\t\t\t\t\t\t\t\t\t\t\t\t\t\t<img fetchpriority=\"high\" decoding=\"async\" width=\"615\" height=\"750\" src=\"https:\/\/franklinlandscpllc.com\/wp-content\/uploads\/2024\/07\/Servicios-principal-21-comprimida.jpg\" class=\"attachment-large size-large wp-image-1674\" alt=\"\" srcset=\"https:\/\/franklinlandscpllc.com\/wp-content\/uploads\/2024\/07\/Servicios-principal-21-comprimida.jpg 615w, https:\/\/franklinlandscpllc.com\/wp-content\/uploads\/2024\/07\/Servicios-principal-21-comprimida-246x300.jpg 246w\" sizes=\"(max-width: 615px) 100vw, 615px\" \/>\t\t\t\t\t\t\t\t\t\t\t\t\t\t\t<\/div>\n\t\t\t\t<\/div>\n\t\t\t\t<\/div>\n\t\t<div class=\"elementor-element elementor-element-72fdab51 e-con-full e-flex e-con e-child\" data-id=\"72fdab51\" data-element_type=\"container\" data-e-type=\"container\">\n\t\t\t\t<div class=\"elementor-element elementor-element-499e39cb elementor-widget-tablet__width-inherit elementor-widget elementor-widget-heading\" data-id=\"499e39cb\" data-element_type=\"widget\" data-e-type=\"widget\" data-widget_type=\"heading.default\">\n\t\t\t\t<div class=\"elementor-widget-container\">\n\t\t\t\t\t<h2 class=\"elementor-heading-title elementor-size-default\">We create custom designs that reflect your style<\/h2>\t\t\t\t<\/div>\n\t\t\t\t<\/div>\n\t\t\t\t<div class=\"elementor-element elementor-element-614da68 elementor-widget elementor-widget-text-editor\" data-id=\"614da68\" data-element_type=\"widget\" data-e-type=\"widget\" data-widget_type=\"text-editor.default\">\n\t\t\t\t<div class=\"elementor-widget-container\">\n\t\t\t\t\t\t\t\t\t<p>At Franklin Landscaping LLC, we offer a specialized stone landscape design service to create unique and aesthetically stunning outdoor spaces. Our team of expert designers combines the natural beauty of stones with seasonal plants to achieve a perfect balance between elegance and functionality.<\/p><p>We work closely with you to understand your preferences and create a custom design that reflects your style and needs. Whether you want a meandering stone path, decorative patio, or retaining walls, we use high-quality materials and precise installation techniques to ensure an attractive, long-lasting result.<\/p><p>Our comprehensive approach ranges from the selection and arrangement of stones to the integration of landscaping elements that complement the overall design of your garden. With our stone garden design service, you will not only improve the appearance of your outdoor space, but also increase its value and functionality.<\/p>\t\t\t\t\t\t\t\t<\/div>\n\t\t\t\t<\/div>\n\t\t\t\t<div class=\"elementor-element elementor-element-1ac4a227 elementor-mobile-align-center elementor-tablet-align-center elementor-widget elementor-widget-button\" data-id=\"1ac4a227\" data-element_type=\"widget\" data-e-type=\"widget\" data-widget_type=\"button.default\">\n\t\t\t\t<div class=\"elementor-widget-container\">\n\t\t\t\t\t\t\t\t\t<div class=\"elementor-button-wrapper\">\n\t\t\t\t\t<a class=\"elementor-button elementor-button-link elementor-size-md\" href=\"https:\/\/franklinlandscpllc.com\/en\/contact\/\">\n\t\t\t\t\t\t<span class=\"elementor-button-content-wrapper\">\n\t\t\t\t\t\t\t\t\t<span class=\"elementor-button-text\">Get started!<\/span>\n\t\t\t\t\t<\/span>\n\t\t\t\t\t<\/a>\n\t\t\t\t<\/div>\n\t\t\t\t\t\t\t\t<\/div>\n\t\t\t\t<\/div>\n\t\t\t\t<\/div>\n\t\t\t\t\t<\/div>\n\t\t\t\t<\/div>\n\t\t<div class=\"elementor-element elementor-element-220dce86 e-flex e-con-boxed e-con e-parent\" data-id=\"220dce86\" data-element_type=\"container\" data-e-type=\"container\">\n\t\t\t\t\t<div class=\"e-con-inner\">\n\t\t\t\t<div class=\"elementor-element elementor-element-6bb4ef23 elementor-widget elementor-widget-text-editor\" data-id=\"6bb4ef23\" data-element_type=\"widget\" data-e-type=\"widget\" data-widget_type=\"text-editor.default\">\n\t\t\t\t<div class=\"elementor-widget-container\">\n\t\t\t\t\t\t\t\t\t<p>Photo gallery<\/p>\t\t\t\t\t\t\t\t<\/div>\n\t\t\t\t<\/div>\n\t\t\t\t<div class=\"elementor-element elementor-element-1c22a92c elementor-widget elementor-widget-heading\" data-id=\"1c22a92c\" data-element_type=\"widget\" data-e-type=\"widget\" data-widget_type=\"heading.default\">\n\t\t\t\t<div class=\"elementor-widget-container\">\n\t\t\t\t\t<h2 class=\"elementor-heading-title elementor-size-default\">Our latest projects<\/h2>\t\t\t\t<\/div>\n\t\t\t\t<\/div>\n\t\t\t\t\t<\/div>\n\t\t\t\t<\/div>\n\t\t<div class=\"elementor-element elementor-element-2d25d9be e-flex e-con-boxed e-con e-parent\" data-id=\"2d25d9be\" data-element_type=\"container\" data-e-type=\"container\">\n\t\t\t\t\t<div class=\"e-con-inner\">\n\t\t\t\t<div class=\"elementor-element elementor-element-306da215 gallery-spacing-custom elementor-widget elementor-widget-image-gallery\" data-id=\"306da215\" data-element_type=\"widget\" data-e-type=\"widget\" data-widget_type=\"image-gallery.default\">\n\t\t\t\t<div class=\"elementor-widget-container\">\n\t\t\t\t\t\t\t<div class=\"elementor-image-gallery\">\n\t\t\t<div id='gallery-1' class='gallery galleryid-1423 gallery-columns-3 gallery-size-medium_large'><figure class='gallery-item'>\n\t\t\t<div class='gallery-icon portrait'>\n\t\t\t\t<a data-elementor-open-lightbox=\"yes\" data-elementor-lightbox-slideshow=\"306da215\" data-elementor-lightbox-title=\"Piedra 3-Comprimida\" data-e-action-hash=\"#elementor-action%3Aaction%3Dlightbox%26settings%3DeyJpZCI6MTU1OCwidXJsIjoiaHR0cHM6XC9cL2ZyYW5rbGlubGFuZHNjcGxsYy5jb21cL3dwLWNvbnRlbnRcL3VwbG9hZHNcLzIwMjRcLzA3XC9QaWVkcmEtMy1Db21wcmltaWRhLmpwZyIsInNsaWRlc2hvdyI6IjMwNmRhMjE1In0%3D\" href='https:\/\/franklinlandscpllc.com\/wp-content\/uploads\/2024\/07\/Piedra-3-Comprimida.jpg'><img decoding=\"async\" width=\"615\" height=\"750\" src=\"https:\/\/franklinlandscpllc.com\/wp-content\/uploads\/2024\/07\/Piedra-3-Comprimida.jpg\" class=\"attachment-medium_large size-medium_large\" alt=\"\" srcset=\"https:\/\/franklinlandscpllc.com\/wp-content\/uploads\/2024\/07\/Piedra-3-Comprimida.jpg 615w, https:\/\/franklinlandscpllc.com\/wp-content\/uploads\/2024\/07\/Piedra-3-Comprimida-246x300.jpg 246w\" sizes=\"(max-width: 615px) 100vw, 615px\" \/><\/a>\n\t\t\t<\/div><\/figure><figure class='gallery-item'>\n\t\t\t<div class='gallery-icon portrait'>\n\t\t\t\t<a data-elementor-open-lightbox=\"yes\" data-elementor-lightbox-slideshow=\"306da215\" data-elementor-lightbox-title=\"Jardin de piedra-22\" data-e-action-hash=\"#elementor-action%3Aaction%3Dlightbox%26settings%3DeyJpZCI6MTYxOCwidXJsIjoiaHR0cHM6XC9cL2ZyYW5rbGlubGFuZHNjcGxsYy5jb21cL3dwLWNvbnRlbnRcL3VwbG9hZHNcLzIwMjRcLzA3XC9KYXJkaW4tZGUtcGllZHJhLTIyLmpwZyIsInNsaWRlc2hvdyI6IjMwNmRhMjE1In0%3D\" href='https:\/\/franklinlandscpllc.com\/wp-content\/uploads\/2024\/07\/Jardin-de-piedra-22.jpg'><img decoding=\"async\" width=\"615\" height=\"750\" src=\"https:\/\/franklinlandscpllc.com\/wp-content\/uploads\/2024\/07\/Jardin-de-piedra-22.jpg\" class=\"attachment-medium_large size-medium_large\" alt=\"\" srcset=\"https:\/\/franklinlandscpllc.com\/wp-content\/uploads\/2024\/07\/Jardin-de-piedra-22.jpg 615w, https:\/\/franklinlandscpllc.com\/wp-content\/uploads\/2024\/07\/Jardin-de-piedra-22-246x300.jpg 246w\" sizes=\"(max-width: 615px) 100vw, 615px\" \/><\/a>\n\t\t\t<\/div><\/figure><figure class='gallery-item'>\n\t\t\t<div class='gallery-icon portrait'>\n\t\t\t\t<a data-elementor-open-lightbox=\"yes\" data-elementor-lightbox-slideshow=\"306da215\" data-elementor-lightbox-title=\"Piedra 1-Comprimida\" data-e-action-hash=\"#elementor-action%3Aaction%3Dlightbox%26settings%3DeyJpZCI6MTU2MCwidXJsIjoiaHR0cHM6XC9cL2ZyYW5rbGlubGFuZHNjcGxsYy5jb21cL3dwLWNvbnRlbnRcL3VwbG9hZHNcLzIwMjRcLzA3XC9QaWVkcmEtMS1Db21wcmltaWRhLmpwZyIsInNsaWRlc2hvdyI6IjMwNmRhMjE1In0%3D\" href='https:\/\/franklinlandscpllc.com\/wp-content\/uploads\/2024\/07\/Piedra-1-Comprimida.jpg'><img loading=\"lazy\" decoding=\"async\" width=\"615\" height=\"750\" src=\"https:\/\/franklinlandscpllc.com\/wp-content\/uploads\/2024\/07\/Piedra-1-Comprimida.jpg\" class=\"attachment-medium_large size-medium_large\" alt=\"\" srcset=\"https:\/\/franklinlandscpllc.com\/wp-content\/uploads\/2024\/07\/Piedra-1-Comprimida.jpg 615w, https:\/\/franklinlandscpllc.com\/wp-content\/uploads\/2024\/07\/Piedra-1-Comprimida-246x300.jpg 246w\" sizes=\"(max-width: 615px) 100vw, 615px\" \/><\/a>\n\t\t\t<\/div><\/figure><figure class='gallery-item'>\n\t\t\t<div class='gallery-icon portrait'>\n\t\t\t\t<a data-elementor-open-lightbox=\"yes\" data-elementor-lightbox-slideshow=\"306da215\" data-elementor-lightbox-title=\"ultimos proyectos dise\u00f1o-24-Galeria \u00faltimos servicios comprimida\" data-e-action-hash=\"#elementor-action%3Aaction%3Dlightbox%26settings%3DeyJpZCI6MTY3NywidXJsIjoiaHR0cHM6XC9cL2ZyYW5rbGlubGFuZHNjcGxsYy5jb21cL3dwLWNvbnRlbnRcL3VwbG9hZHNcLzIwMjRcLzA3XC91bHRpbW9zLXByb3llY3Rvcy1kaXNlbm8tMjQtR2FsZXJpYS11bHRpbW9zLXNlcnZpY2lvcy1jb21wcmltaWRhLmpwZyIsInNsaWRlc2hvdyI6IjMwNmRhMjE1In0%3D\" href='https:\/\/franklinlandscpllc.com\/wp-content\/uploads\/2024\/07\/ultimos-proyectos-diseno-24-Galeria-ultimos-servicios-comprimida.jpg'><img loading=\"lazy\" decoding=\"async\" width=\"615\" height=\"750\" src=\"https:\/\/franklinlandscpllc.com\/wp-content\/uploads\/2024\/07\/ultimos-proyectos-diseno-24-Galeria-ultimos-servicios-comprimida.jpg\" class=\"attachment-medium_large size-medium_large\" alt=\"\" srcset=\"https:\/\/franklinlandscpllc.com\/wp-content\/uploads\/2024\/07\/ultimos-proyectos-diseno-24-Galeria-ultimos-servicios-comprimida.jpg 615w, https:\/\/franklinlandscpllc.com\/wp-content\/uploads\/2024\/07\/ultimos-proyectos-diseno-24-Galeria-ultimos-servicios-comprimida-246x300.jpg 246w\" sizes=\"(max-width: 615px) 100vw, 615px\" \/><\/a>\n\t\t\t<\/div><\/figure><figure class='gallery-item'>\n\t\t\t<div class='gallery-icon portrait'>\n\t\t\t\t<a data-elementor-open-lightbox=\"yes\" data-elementor-lightbox-slideshow=\"306da215\" data-elementor-lightbox-title=\"ultimos proyectos dise\u00f1o-25-Galeria \u00faltimos servicios comprimida\" data-e-action-hash=\"#elementor-action%3Aaction%3Dlightbox%26settings%3DeyJpZCI6MTY3OCwidXJsIjoiaHR0cHM6XC9cL2ZyYW5rbGlubGFuZHNjcGxsYy5jb21cL3dwLWNvbnRlbnRcL3VwbG9hZHNcLzIwMjRcLzA3XC91bHRpbW9zLXByb3llY3Rvcy1kaXNlbm8tMjUtR2FsZXJpYS11bHRpbW9zLXNlcnZpY2lvcy1jb21wcmltaWRhLmpwZyIsInNsaWRlc2hvdyI6IjMwNmRhMjE1In0%3D\" href='https:\/\/franklinlandscpllc.com\/wp-content\/uploads\/2024\/07\/ultimos-proyectos-diseno-25-Galeria-ultimos-servicios-comprimida.jpg'><img loading=\"lazy\" decoding=\"async\" width=\"615\" height=\"750\" src=\"https:\/\/franklinlandscpllc.com\/wp-content\/uploads\/2024\/07\/ultimos-proyectos-diseno-25-Galeria-ultimos-servicios-comprimida.jpg\" class=\"attachment-medium_large size-medium_large\" alt=\"\" srcset=\"https:\/\/franklinlandscpllc.com\/wp-content\/uploads\/2024\/07\/ultimos-proyectos-diseno-25-Galeria-ultimos-servicios-comprimida.jpg 615w, https:\/\/franklinlandscpllc.com\/wp-content\/uploads\/2024\/07\/ultimos-proyectos-diseno-25-Galeria-ultimos-servicios-comprimida-246x300.jpg 246w\" sizes=\"(max-width: 615px) 100vw, 615px\" \/><\/a>\n\t\t\t<\/div><\/figure><figure class='gallery-item'>\n\t\t\t<div class='gallery-icon portrait'>\n\t\t\t\t<a data-elementor-open-lightbox=\"yes\" data-elementor-lightbox-slideshow=\"306da215\" data-elementor-lightbox-title=\"ultimos proyectos dise\u00f1o-26-Galeria \u00faltimos servicios comprimida\" data-e-action-hash=\"#elementor-action%3Aaction%3Dlightbox%26settings%3DeyJpZCI6MTY3OSwidXJsIjoiaHR0cHM6XC9cL2ZyYW5rbGlubGFuZHNjcGxsYy5jb21cL3dwLWNvbnRlbnRcL3VwbG9hZHNcLzIwMjRcLzA3XC91bHRpbW9zLXByb3llY3Rvcy1kaXNlbm8tMjYtR2FsZXJpYS11bHRpbW9zLXNlcnZpY2lvcy1jb21wcmltaWRhLmpwZyIsInNsaWRlc2hvdyI6IjMwNmRhMjE1In0%3D\" href='https:\/\/franklinlandscpllc.com\/wp-content\/uploads\/2024\/07\/ultimos-proyectos-diseno-26-Galeria-ultimos-servicios-comprimida.jpg'><img loading=\"lazy\" decoding=\"async\" width=\"615\" height=\"750\" src=\"https:\/\/franklinlandscpllc.com\/wp-content\/uploads\/2024\/07\/ultimos-proyectos-diseno-26-Galeria-ultimos-servicios-comprimida.jpg\" class=\"attachment-medium_large size-medium_large\" alt=\"\" srcset=\"https:\/\/franklinlandscpllc.com\/wp-content\/uploads\/2024\/07\/ultimos-proyectos-diseno-26-Galeria-ultimos-servicios-comprimida.jpg 615w, https:\/\/franklinlandscpllc.com\/wp-content\/uploads\/2024\/07\/ultimos-proyectos-diseno-26-Galeria-ultimos-servicios-comprimida-246x300.jpg 246w\" sizes=\"(max-width: 615px) 100vw, 615px\" \/><\/a>\n\t\t\t<\/div><\/figure>\n\t\t<\/div>\n\t\t<\/div>\n\t\t\t\t\t\t<\/div>\n\t\t\t\t<\/div>\n\t\t\t\t\t<\/div>\n\t\t\t\t<\/div>\n\t\t<div class=\"elementor-element elementor-element-4ba2fdec e-flex e-con-boxed e-con e-parent\" data-id=\"4ba2fdec\" data-element_type=\"container\" data-e-type=\"container\" data-settings=\"{&quot;background_background&quot;:&quot;classic&quot;}\">\n\t\t\t\t\t<div class=\"e-con-inner\">\n\t\t\t\t<div class=\"elementor-element elementor-element-5768cb1b elementor-widget__width-initial elementor-widget-tablet__width-inherit elementor-view-default elementor-widget elementor-widget-icon\" data-id=\"5768cb1b\" data-element_type=\"widget\" data-e-type=\"widget\" data-widget_type=\"icon.default\">\n\t\t\t\t<div class=\"elementor-widget-container\">\n\t\t\t\t\t\t\t<div class=\"elementor-icon-wrapper\">\n\t\t\t<div class=\"elementor-icon\">\n\t\t\t<svg xmlns=\"http:\/\/www.w3.org\/2000\/svg\" width=\"128\" height=\"128\" viewbox=\"0 0 128 128\"><title>PLANT<\/title><path d=\"M110.622,108.342c-4.486-11.057-22.8-18.861-44.872-19.255V78.879l11.588-7.415A22.817,22.817,0,0,0,81.444,72.8a23.288,23.288,0,0,0,4.991.545A22.979,22.979,0,0,0,109.42,49.953a1.75,1.75,0,0,0-.994-1.554,22.985,22.985,0,0,0-32.47,15.827,22.82,22.82,0,0,0-.5,4.289l-9.7,6.208V56.13a22.779,22.779,0,0,0,3.341-2.737,22.986,22.986,0,0,0-4.169-35.88,1.746,1.746,0,0,0-1.844,0,22.986,22.986,0,0,0-4.169,35.88A22.779,22.779,0,0,0,62.25,56.13V74.723l-9.7-6.208A22.938,22.938,0,0,0,24.585,46.656,23.168,23.168,0,0,0,19.574,48.4a1.75,1.75,0,0,0-.994,1.554A23,23,0,0,0,46.556,72.8a22.817,22.817,0,0,0,4.106-1.339L62.25,78.879V89.087c-22.069.394-40.386,8.2-44.872,19.255A1.75,1.75,0,0,0,19,110.75h90a1.75,1.75,0,0,0,1.622-2.408ZM79.375,64.977a19.572,19.572,0,0,1,23.289-14.9,19.116,19.116,0,0,1,3.244,1.03,19.118,19.118,0,0,1-.424,3.377A19.549,19.549,0,0,1,82.2,69.384c-.376-.082-.754-.2-1.132-.3l17.6-11.263a1.75,1.75,0,0,0-1.887-2.948l-17.6,11.263C79.236,65.743,79.292,65.353,79.375,64.977Zm-33.57,4.407a19.549,19.549,0,0,1-23.289-14.9,19.118,19.118,0,0,1-.424-3.377,19.116,19.116,0,0,1,3.244-1.03,19.571,19.571,0,0,1,23.289,14.9c.083.376.139.766.2,1.155l-17.6-11.263a1.75,1.75,0,0,0-1.887,2.948l17.6,11.263C46.559,69.189,46.181,69.3,45.805,69.384ZM61.383,50.918a19.573,19.573,0,0,1,0-27.648A19.182,19.182,0,0,1,64,21.093a19.182,19.182,0,0,1,2.617,2.177,19.573,19.573,0,0,1,0,27.648c-.273.273-.572.531-.867.79V30.863a1.75,1.75,0,0,0-3.5,0V51.708C61.955,51.449,61.656,51.191,61.383,50.918ZM21.91,107.25C27.688,98.611,44.635,92.568,64,92.568s36.312,6.043,42.09,14.682Z\"><\/path><\/svg>\t\t\t<\/div>\n\t\t<\/div>\n\t\t\t\t\t\t<\/div>\n\t\t\t\t<\/div>\n\t\t<div class=\"elementor-element elementor-element-5832b914 e-con-full e-flex e-con e-child\" data-id=\"5832b914\" data-element_type=\"container\" data-e-type=\"container\">\n\t\t\t\t<div class=\"elementor-element elementor-element-5005439b elementor-widget elementor-widget-heading\" data-id=\"5005439b\" data-element_type=\"widget\" data-e-type=\"widget\" data-widget_type=\"heading.default\">\n\t\t\t\t<div class=\"elementor-widget-container\">\n\t\t\t\t\t<h2 class=\"elementor-heading-title elementor-size-default\">Are you looking for a professional landscaper?<\/h2>\t\t\t\t<\/div>\n\t\t\t\t<\/div>\n\t\t\t\t<div class=\"elementor-element elementor-element-7ab8f58f elementor-widget elementor-widget-text-editor\" data-id=\"7ab8f58f\" data-element_type=\"widget\" data-e-type=\"widget\" data-widget_type=\"text-editor.default\">\n\t\t\t\t<div class=\"elementor-widget-container\">\n\t\t\t\t\t\t\t\t\t<p>Call us now: (863) 221-3292<\/p>\t\t\t\t\t\t\t\t<\/div>\n\t\t\t\t<\/div>\n\t\t\t\t<\/div>\n\t\t\t\t<div class=\"elementor-element elementor-element-5c212602 elementor-mobile-align-center elementor-align-right elementor-widget__width-initial elementor-tablet-align-center elementor-widget-tablet__width-inherit elementor-widget elementor-widget-button\" data-id=\"5c212602\" data-element_type=\"widget\" data-e-type=\"widget\" data-widget_type=\"button.default\">\n\t\t\t\t<div class=\"elementor-widget-container\">\n\t\t\t\t\t\t\t\t\t<div class=\"elementor-button-wrapper\">\n\t\t\t\t\t<a class=\"elementor-button elementor-button-link elementor-size-md\" href=\"https:\/\/franklinlandscpllc.com\/en\/contact\/\">\n\t\t\t\t\t\t<span class=\"elementor-button-content-wrapper\">\n\t\t\t\t\t\t\t\t\t<span class=\"elementor-button-text\">Contact us<\/span>\n\t\t\t\t\t<\/span>\n\t\t\t\t\t<\/a>\n\t\t\t\t<\/div>\n\t\t\t\t\t\t\t\t<\/div>\n\t\t\t\t<\/div>\n\t\t\t\t\t<\/div>\n\t\t\t\t<\/div>\n\t\t\t\t<\/div>","protected":false},"excerpt":{"rendered":"<p>Dise\u00f1o de jard\u00edn con piedra y planta Creamos dise\u00f1os personalizados que reflejen su estilo En Franklin Landscaping LLC, ofrecemos un servicio especializado de dise\u00f1o de jard\u00edn con piedra para crear espacios exteriores \u00fanicos y est\u00e9ticamente impresionantes. Nuestro equipo de dise\u00f1adores expertos combina la belleza natural de las piedras con plantas de temporada para lograr un [&hellip;]<\/p>\n","protected":false},"author":1,"featured_media":0,"parent":0,"menu_order":0,"comment_status":"closed","ping_status":"closed","template":"","meta":{"_joinchat":[],"footnotes":""},"class_list":["post-1423","page","type-page","status-publish","hentry"],"blocksy_meta":[],"_links":{"self":[{"href":"https:\/\/franklinlandscpllc.com\/en\/wp-json\/wp\/v2\/pages\/1423","targetHints":{"allow":["GET"]}}],"collection":[{"href":"https:\/\/franklinlandscpllc.com\/en\/wp-json\/wp\/v2\/pages"}],"about":[{"href":"https:\/\/franklinlandscpllc.com\/en\/wp-json\/wp\/v2\/types\/page"}],"author":[{"embeddable":true,"href":"https:\/\/franklinlandscpllc.com\/en\/wp-json\/wp\/v2\/users\/1"}],"replies":[{"embeddable":true,"href":"https:\/\/franklinlandscpllc.com\/en\/wp-json\/wp\/v2\/comments?post=1423"}],"version-history":[{"count":19,"href":"https:\/\/franklinlandscpllc.com\/en\/wp-json\/wp\/v2\/pages\/1423\/revisions"}],"predecessor-version":[{"id":1682,"href":"https:\/\/franklinlandscpllc.com\/en\/wp-json\/wp\/v2\/pages\/1423\/revisions\/1682"}],"wp:attachment":[{"href":"https:\/\/franklinlandscpllc.com\/en\/wp-json\/wp\/v2\/media?parent=1423"}],"curies":[{"name":"wp","href":"https:\/\/api.w.org\/{rel}","templated":true}]}}