{"id":1425,"date":"2024-07-06T17:15:32","date_gmt":"2024-07-06T23:15:32","guid":{"rendered":"https:\/\/franklinlandscpllc.com\/?page_id=1425"},"modified":"2024-07-09T19:42:36","modified_gmt":"2024-07-10T01:42:36","slug":"mantillo","status":"publish","type":"page","link":"https:\/\/franklinlandscpllc.com\/en\/mantillo\/","title":{"rendered":"Mulch"},"content":{"rendered":"<div data-elementor-type=\"wp-page\" data-elementor-id=\"1425\" class=\"elementor elementor-1425\">\n\t\t\t\t<div class=\"elementor-element elementor-element-bf561c3 e-flex e-con-boxed e-con e-parent\" data-id=\"bf561c3\" data-element_type=\"container\" data-e-type=\"container\" data-settings=\"{&quot;background_background&quot;:&quot;classic&quot;}\">\n\t\t\t\t\t<div class=\"e-con-inner\">\n\t\t\t\t<div class=\"elementor-element elementor-element-25155b66 elementor-widget elementor-widget-heading\" data-id=\"25155b66\" data-element_type=\"widget\" data-e-type=\"widget\" data-widget_type=\"heading.default\">\n\t\t\t\t<div class=\"elementor-widget-container\">\n\t\t\t\t\t<h2 class=\"elementor-heading-title elementor-size-default\">Mulch<\/h2>\t\t\t\t<\/div>\n\t\t\t\t<\/div>\n\t\t\t\t\t<\/div>\n\t\t\t\t<\/div>\n\t\t<div class=\"elementor-element elementor-element-39152739 e-flex e-con-boxed e-con e-parent\" data-id=\"39152739\" data-element_type=\"container\" data-e-type=\"container\">\n\t\t\t\t\t<div class=\"e-con-inner\">\n\t\t<div class=\"elementor-element elementor-element-15190cbd e-con-full e-flex e-con e-child\" data-id=\"15190cbd\" data-element_type=\"container\" data-e-type=\"container\">\n\t\t\t\t<div class=\"elementor-element elementor-element-74594abe elementor-widget elementor-widget-image\" data-id=\"74594abe\" data-element_type=\"widget\" data-e-type=\"widget\" data-widget_type=\"image.default\">\n\t\t\t\t<div class=\"elementor-widget-container\">\n\t\t\t\t\t\t\t\t\t\t\t\t\t\t\t<img fetchpriority=\"high\" decoding=\"async\" width=\"615\" height=\"750\" src=\"https:\/\/franklinlandscpllc.com\/wp-content\/uploads\/2024\/07\/Montillo-1-Comprimida.jpg\" class=\"attachment-large size-large wp-image-1578\" alt=\"\" srcset=\"https:\/\/franklinlandscpllc.com\/wp-content\/uploads\/2024\/07\/Montillo-1-Comprimida.jpg 615w, https:\/\/franklinlandscpllc.com\/wp-content\/uploads\/2024\/07\/Montillo-1-Comprimida-246x300.jpg 246w\" sizes=\"(max-width: 615px) 100vw, 615px\" \/>\t\t\t\t\t\t\t\t\t\t\t\t\t\t\t<\/div>\n\t\t\t\t<\/div>\n\t\t\t\t<\/div>\n\t\t<div class=\"elementor-element elementor-element-651c2105 e-con-full e-flex e-con e-child\" data-id=\"651c2105\" data-element_type=\"container\" data-e-type=\"container\">\n\t\t\t\t<div class=\"elementor-element elementor-element-5e61c77c elementor-widget-tablet__width-inherit elementor-widget elementor-widget-heading\" data-id=\"5e61c77c\" data-element_type=\"widget\" data-e-type=\"widget\" data-widget_type=\"heading.default\">\n\t\t\t\t<div class=\"elementor-widget-container\">\n\t\t\t\t\t<h2 class=\"elementor-heading-title elementor-size-default\">Enhance the health and beauty of your garden with our professional mulch application service<\/h2>\t\t\t\t<\/div>\n\t\t\t\t<\/div>\n\t\t\t\t<div class=\"elementor-element elementor-element-25372ec1 elementor-widget elementor-widget-text-editor\" data-id=\"25372ec1\" data-element_type=\"widget\" data-e-type=\"widget\" data-widget_type=\"text-editor.default\">\n\t\t\t\t<div class=\"elementor-widget-container\">\n\t\t\t\t\t\t\t\t\t<p>At Franklin Landscaping LLC, we understand that healthy soil is the foundation of a thriving garden. Our mulch application service is designed to improve soil health and keep your garden in optimal condition.<\/p><p>Mulch not only beautifies your outdoor space with a clean, finished look, but it also offers crucial benefits for plant growth. It helps retain moisture, regulates soil temperature and prevents weed growth, creating an ideal environment for your plants and lawn.<\/p><p>We use high-quality mulch, applying it with precision and care to maximize its benefits. Our team of experts ensures that each application is suitable for the specific needs of your garden, promoting healthy, robust growth of your plants.<\/p>\t\t\t\t\t\t\t\t<\/div>\n\t\t\t\t<\/div>\n\t\t\t\t<div class=\"elementor-element elementor-element-4aa4d380 elementor-mobile-align-center elementor-tablet-align-center elementor-widget elementor-widget-button\" data-id=\"4aa4d380\" data-element_type=\"widget\" data-e-type=\"widget\" data-widget_type=\"button.default\">\n\t\t\t\t<div class=\"elementor-widget-container\">\n\t\t\t\t\t\t\t\t\t<div class=\"elementor-button-wrapper\">\n\t\t\t\t\t<a class=\"elementor-button elementor-button-link elementor-size-md\" href=\"https:\/\/franklinlandscpllc.com\/en\/contact\/\">\n\t\t\t\t\t\t<span class=\"elementor-button-content-wrapper\">\n\t\t\t\t\t\t\t\t\t<span class=\"elementor-button-text\">Get started!<\/span>\n\t\t\t\t\t<\/span>\n\t\t\t\t\t<\/a>\n\t\t\t\t<\/div>\n\t\t\t\t\t\t\t\t<\/div>\n\t\t\t\t<\/div>\n\t\t\t\t<\/div>\n\t\t\t\t\t<\/div>\n\t\t\t\t<\/div>\n\t\t<div class=\"elementor-element elementor-element-4f1fbb82 e-flex e-con-boxed e-con e-parent\" data-id=\"4f1fbb82\" data-element_type=\"container\" data-e-type=\"container\">\n\t\t\t\t\t<div class=\"e-con-inner\">\n\t\t\t\t<div class=\"elementor-element elementor-element-9fe79a elementor-widget elementor-widget-text-editor\" data-id=\"9fe79a\" data-element_type=\"widget\" data-e-type=\"widget\" data-widget_type=\"text-editor.default\">\n\t\t\t\t<div class=\"elementor-widget-container\">\n\t\t\t\t\t\t\t\t\t<p>Photo gallery<\/p>\t\t\t\t\t\t\t\t<\/div>\n\t\t\t\t<\/div>\n\t\t\t\t<div class=\"elementor-element elementor-element-c187aee elementor-widget elementor-widget-heading\" data-id=\"c187aee\" data-element_type=\"widget\" data-e-type=\"widget\" data-widget_type=\"heading.default\">\n\t\t\t\t<div class=\"elementor-widget-container\">\n\t\t\t\t\t<h2 class=\"elementor-heading-title elementor-size-default\">Our latest projects<\/h2>\t\t\t\t<\/div>\n\t\t\t\t<\/div>\n\t\t\t\t\t<\/div>\n\t\t\t\t<\/div>\n\t\t<div class=\"elementor-element elementor-element-7d176b65 e-flex e-con-boxed e-con e-parent\" data-id=\"7d176b65\" data-element_type=\"container\" data-e-type=\"container\">\n\t\t\t\t\t<div class=\"e-con-inner\">\n\t\t\t\t<div class=\"elementor-element elementor-element-764cff57 gallery-spacing-custom elementor-widget elementor-widget-image-gallery\" data-id=\"764cff57\" data-element_type=\"widget\" data-e-type=\"widget\" data-widget_type=\"image-gallery.default\">\n\t\t\t\t<div class=\"elementor-widget-container\">\n\t\t\t\t\t\t\t<div class=\"elementor-image-gallery\">\n\t\t\t<div id='gallery-1' class='gallery galleryid-1425 gallery-columns-3 gallery-size-medium_large'><figure class='gallery-item'>\n\t\t\t<div class='gallery-icon portrait'>\n\t\t\t\t<a data-elementor-open-lightbox=\"yes\" data-elementor-lightbox-slideshow=\"764cff57\" data-elementor-lightbox-title=\"Montillo 1-Comprimida\" data-e-action-hash=\"#elementor-action%3Aaction%3Dlightbox%26settings%3DeyJpZCI6MTU4MSwidXJsIjoiaHR0cHM6XC9cL2ZyYW5rbGlubGFuZHNjcGxsYy5jb21cL3dwLWNvbnRlbnRcL3VwbG9hZHNcLzIwMjRcLzA3XC9Nb250aWxsby0xLUNvbXByaW1pZGEtMS5qcGciLCJzbGlkZXNob3ciOiI3NjRjZmY1NyJ9\" href='https:\/\/franklinlandscpllc.com\/wp-content\/uploads\/2024\/07\/Montillo-1-Comprimida-1.jpg'><img decoding=\"async\" width=\"615\" height=\"750\" src=\"https:\/\/franklinlandscpllc.com\/wp-content\/uploads\/2024\/07\/Montillo-1-Comprimida-1.jpg\" class=\"attachment-medium_large size-medium_large\" alt=\"\" srcset=\"https:\/\/franklinlandscpllc.com\/wp-content\/uploads\/2024\/07\/Montillo-1-Comprimida-1.jpg 615w, https:\/\/franklinlandscpllc.com\/wp-content\/uploads\/2024\/07\/Montillo-1-Comprimida-1-246x300.jpg 246w\" sizes=\"(max-width: 615px) 100vw, 615px\" \/><\/a>\n\t\t\t<\/div><\/figure><figure class='gallery-item'>\n\t\t\t<div class='gallery-icon portrait'>\n\t\t\t\t<a data-elementor-open-lightbox=\"yes\" data-elementor-lightbox-slideshow=\"764cff57\" data-elementor-lightbox-title=\"ultimos proyectos mantillo-24-Galeria \u00faltimos servicios comprimida\" data-e-action-hash=\"#elementor-action%3Aaction%3Dlightbox%26settings%3DeyJpZCI6MTY4MywidXJsIjoiaHR0cHM6XC9cL2ZyYW5rbGlubGFuZHNjcGxsYy5jb21cL3dwLWNvbnRlbnRcL3VwbG9hZHNcLzIwMjRcLzA3XC91bHRpbW9zLXByb3llY3Rvcy1tYW50aWxsby0yNC1HYWxlcmlhLXVsdGltb3Mtc2VydmljaW9zLWNvbXByaW1pZGEuanBnIiwic2xpZGVzaG93IjoiNzY0Y2ZmNTcifQ%3D%3D\" href='https:\/\/franklinlandscpllc.com\/wp-content\/uploads\/2024\/07\/ultimos-proyectos-mantillo-24-Galeria-ultimos-servicios-comprimida.jpg'><img decoding=\"async\" width=\"615\" height=\"750\" src=\"https:\/\/franklinlandscpllc.com\/wp-content\/uploads\/2024\/07\/ultimos-proyectos-mantillo-24-Galeria-ultimos-servicios-comprimida.jpg\" class=\"attachment-medium_large size-medium_large\" alt=\"\" srcset=\"https:\/\/franklinlandscpllc.com\/wp-content\/uploads\/2024\/07\/ultimos-proyectos-mantillo-24-Galeria-ultimos-servicios-comprimida.jpg 615w, https:\/\/franklinlandscpllc.com\/wp-content\/uploads\/2024\/07\/ultimos-proyectos-mantillo-24-Galeria-ultimos-servicios-comprimida-246x300.jpg 246w\" sizes=\"(max-width: 615px) 100vw, 615px\" \/><\/a>\n\t\t\t<\/div><\/figure><figure class='gallery-item'>\n\t\t\t<div class='gallery-icon portrait'>\n\t\t\t\t<a data-elementor-open-lightbox=\"yes\" data-elementor-lightbox-slideshow=\"764cff57\" data-elementor-lightbox-title=\"ultimos proyectos mantillo-25-Galeria \u00faltimos servicios comprimida\" data-e-action-hash=\"#elementor-action%3Aaction%3Dlightbox%26settings%3DeyJpZCI6MTY4NCwidXJsIjoiaHR0cHM6XC9cL2ZyYW5rbGlubGFuZHNjcGxsYy5jb21cL3dwLWNvbnRlbnRcL3VwbG9hZHNcLzIwMjRcLzA3XC91bHRpbW9zLXByb3llY3Rvcy1tYW50aWxsby0yNS1HYWxlcmlhLXVsdGltb3Mtc2VydmljaW9zLWNvbXByaW1pZGEuanBnIiwic2xpZGVzaG93IjoiNzY0Y2ZmNTcifQ%3D%3D\" href='https:\/\/franklinlandscpllc.com\/wp-content\/uploads\/2024\/07\/ultimos-proyectos-mantillo-25-Galeria-ultimos-servicios-comprimida.jpg'><img loading=\"lazy\" decoding=\"async\" width=\"615\" height=\"750\" src=\"https:\/\/franklinlandscpllc.com\/wp-content\/uploads\/2024\/07\/ultimos-proyectos-mantillo-25-Galeria-ultimos-servicios-comprimida.jpg\" class=\"attachment-medium_large size-medium_large\" alt=\"\" srcset=\"https:\/\/franklinlandscpllc.com\/wp-content\/uploads\/2024\/07\/ultimos-proyectos-mantillo-25-Galeria-ultimos-servicios-comprimida.jpg 615w, https:\/\/franklinlandscpllc.com\/wp-content\/uploads\/2024\/07\/ultimos-proyectos-mantillo-25-Galeria-ultimos-servicios-comprimida-246x300.jpg 246w\" sizes=\"(max-width: 615px) 100vw, 615px\" \/><\/a>\n\t\t\t<\/div><\/figure>\n\t\t<\/div>\n\t\t<\/div>\n\t\t\t\t\t\t<\/div>\n\t\t\t\t<\/div>\n\t\t\t\t\t<\/div>\n\t\t\t\t<\/div>\n\t\t<div class=\"elementor-element elementor-element-59905227 e-flex e-con-boxed e-con e-parent\" data-id=\"59905227\" data-element_type=\"container\" data-e-type=\"container\" data-settings=\"{&quot;background_background&quot;:&quot;classic&quot;}\">\n\t\t\t\t\t<div class=\"e-con-inner\">\n\t\t\t\t<div class=\"elementor-element elementor-element-5c31b82e elementor-widget__width-initial elementor-widget-tablet__width-inherit elementor-view-default elementor-widget elementor-widget-icon\" data-id=\"5c31b82e\" data-element_type=\"widget\" data-e-type=\"widget\" data-widget_type=\"icon.default\">\n\t\t\t\t<div class=\"elementor-widget-container\">\n\t\t\t\t\t\t\t<div class=\"elementor-icon-wrapper\">\n\t\t\t<div class=\"elementor-icon\">\n\t\t\t<svg xmlns=\"http:\/\/www.w3.org\/2000\/svg\" width=\"128\" height=\"128\" viewbox=\"0 0 128 128\"><title>PLANT<\/title><path d=\"M110.622,108.342c-4.486-11.057-22.8-18.861-44.872-19.255V78.879l11.588-7.415A22.817,22.817,0,0,0,81.444,72.8a23.288,23.288,0,0,0,4.991.545A22.979,22.979,0,0,0,109.42,49.953a1.75,1.75,0,0,0-.994-1.554,22.985,22.985,0,0,0-32.47,15.827,22.82,22.82,0,0,0-.5,4.289l-9.7,6.208V56.13a22.779,22.779,0,0,0,3.341-2.737,22.986,22.986,0,0,0-4.169-35.88,1.746,1.746,0,0,0-1.844,0,22.986,22.986,0,0,0-4.169,35.88A22.779,22.779,0,0,0,62.25,56.13V74.723l-9.7-6.208A22.938,22.938,0,0,0,24.585,46.656,23.168,23.168,0,0,0,19.574,48.4a1.75,1.75,0,0,0-.994,1.554A23,23,0,0,0,46.556,72.8a22.817,22.817,0,0,0,4.106-1.339L62.25,78.879V89.087c-22.069.394-40.386,8.2-44.872,19.255A1.75,1.75,0,0,0,19,110.75h90a1.75,1.75,0,0,0,1.622-2.408ZM79.375,64.977a19.572,19.572,0,0,1,23.289-14.9,19.116,19.116,0,0,1,3.244,1.03,19.118,19.118,0,0,1-.424,3.377A19.549,19.549,0,0,1,82.2,69.384c-.376-.082-.754-.2-1.132-.3l17.6-11.263a1.75,1.75,0,0,0-1.887-2.948l-17.6,11.263C79.236,65.743,79.292,65.353,79.375,64.977Zm-33.57,4.407a19.549,19.549,0,0,1-23.289-14.9,19.118,19.118,0,0,1-.424-3.377,19.116,19.116,0,0,1,3.244-1.03,19.571,19.571,0,0,1,23.289,14.9c.083.376.139.766.2,1.155l-17.6-11.263a1.75,1.75,0,0,0-1.887,2.948l17.6,11.263C46.559,69.189,46.181,69.3,45.805,69.384ZM61.383,50.918a19.573,19.573,0,0,1,0-27.648A19.182,19.182,0,0,1,64,21.093a19.182,19.182,0,0,1,2.617,2.177,19.573,19.573,0,0,1,0,27.648c-.273.273-.572.531-.867.79V30.863a1.75,1.75,0,0,0-3.5,0V51.708C61.955,51.449,61.656,51.191,61.383,50.918ZM21.91,107.25C27.688,98.611,44.635,92.568,64,92.568s36.312,6.043,42.09,14.682Z\"><\/path><\/svg>\t\t\t<\/div>\n\t\t<\/div>\n\t\t\t\t\t\t<\/div>\n\t\t\t\t<\/div>\n\t\t<div class=\"elementor-element elementor-element-4b3b57d8 e-con-full e-flex e-con e-child\" data-id=\"4b3b57d8\" data-element_type=\"container\" data-e-type=\"container\">\n\t\t\t\t<div class=\"elementor-element elementor-element-6c40aeab elementor-widget elementor-widget-heading\" data-id=\"6c40aeab\" data-element_type=\"widget\" data-e-type=\"widget\" data-widget_type=\"heading.default\">\n\t\t\t\t<div class=\"elementor-widget-container\">\n\t\t\t\t\t<h2 class=\"elementor-heading-title elementor-size-default\">Are you looking for a professional landscaper?<\/h2>\t\t\t\t<\/div>\n\t\t\t\t<\/div>\n\t\t\t\t<div class=\"elementor-element elementor-element-45c1f568 elementor-widget elementor-widget-text-editor\" data-id=\"45c1f568\" data-element_type=\"widget\" data-e-type=\"widget\" data-widget_type=\"text-editor.default\">\n\t\t\t\t<div class=\"elementor-widget-container\">\n\t\t\t\t\t\t\t\t\t<p>Call us now: (863) 221-3292<\/p>\t\t\t\t\t\t\t\t<\/div>\n\t\t\t\t<\/div>\n\t\t\t\t<\/div>\n\t\t\t\t<div class=\"elementor-element elementor-element-3a2dda9e elementor-mobile-align-center elementor-align-right elementor-widget__width-initial elementor-tablet-align-center elementor-widget-tablet__width-inherit elementor-widget elementor-widget-button\" data-id=\"3a2dda9e\" data-element_type=\"widget\" data-e-type=\"widget\" data-widget_type=\"button.default\">\n\t\t\t\t<div class=\"elementor-widget-container\">\n\t\t\t\t\t\t\t\t\t<div class=\"elementor-button-wrapper\">\n\t\t\t\t\t<a class=\"elementor-button elementor-button-link elementor-size-md\" href=\"https:\/\/franklinlandscpllc.com\/en\/contact\/\">\n\t\t\t\t\t\t<span class=\"elementor-button-content-wrapper\">\n\t\t\t\t\t\t\t\t\t<span class=\"elementor-button-text\">Contact us<\/span>\n\t\t\t\t\t<\/span>\n\t\t\t\t\t<\/a>\n\t\t\t\t<\/div>\n\t\t\t\t\t\t\t\t<\/div>\n\t\t\t\t<\/div>\n\t\t\t\t\t<\/div>\n\t\t\t\t<\/div>\n\t\t\t\t<\/div>","protected":false},"excerpt":{"rendered":"<p>Mantillo Realza la salud y belleza de tu jard\u00edn con nuestro servicio profesional de aplicaci\u00f3n de mantillo En Franklin Landscaping LLC, entendemos que un suelo saludable es la base de un jard\u00edn pr\u00f3spero. Nuestro servicio de aplicaci\u00f3n de mantillo est\u00e1 dise\u00f1ado para mejorar la salud del suelo y mantener su jard\u00edn en \u00f3ptimas condiciones. El [&hellip;]<\/p>\n","protected":false},"author":1,"featured_media":0,"parent":0,"menu_order":0,"comment_status":"closed","ping_status":"closed","template":"","meta":{"_joinchat":[],"footnotes":""},"class_list":["post-1425","page","type-page","status-publish","hentry"],"blocksy_meta":[],"_links":{"self":[{"href":"https:\/\/franklinlandscpllc.com\/en\/wp-json\/wp\/v2\/pages\/1425","targetHints":{"allow":["GET"]}}],"collection":[{"href":"https:\/\/franklinlandscpllc.com\/en\/wp-json\/wp\/v2\/pages"}],"about":[{"href":"https:\/\/franklinlandscpllc.com\/en\/wp-json\/wp\/v2\/types\/page"}],"author":[{"embeddable":true,"href":"https:\/\/franklinlandscpllc.com\/en\/wp-json\/wp\/v2\/users\/1"}],"replies":[{"embeddable":true,"href":"https:\/\/franklinlandscpllc.com\/en\/wp-json\/wp\/v2\/comments?post=1425"}],"version-history":[{"count":10,"href":"https:\/\/franklinlandscpllc.com\/en\/wp-json\/wp\/v2\/pages\/1425\/revisions"}],"predecessor-version":[{"id":1687,"href":"https:\/\/franklinlandscpllc.com\/en\/wp-json\/wp\/v2\/pages\/1425\/revisions\/1687"}],"wp:attachment":[{"href":"https:\/\/franklinlandscpllc.com\/en\/wp-json\/wp\/v2\/media?parent=1425"}],"curies":[{"name":"wp","href":"https:\/\/api.w.org\/{rel}","templated":true}]}}